{"id":786,"date":"2016-06-17T18:55:21","date_gmt":"2016-06-17T16:55:21","guid":{"rendered":"https:\/\/conselloevanxelico.org\/wp\/?page_id=786"},"modified":"2022-03-17T19:34:00","modified_gmt":"2022-03-17T18:34:00","slug":"privacidad-y-aviso-legal","status":"publish","type":"page","link":"https:\/\/conselloevanxelico.org\/gl\/privacidad-y-aviso-legal\/","title":{"rendered":"Pol\u00edtica de privacidad y aviso legal"},"content":{"rendered":"<h1 style=\"text-align: justify;\">Pol\u00edtica de privacidad<\/h1>\n<p style=\"text-align: justify;\">A trav\u00e9s de este sitio web no se recaban datos de car\u00e1cter personal de los usuarios sin su conocimiento, ni se ceden a terceros.<\/p>\n<p style=\"text-align: justify;\">Con la finalidad de ofrecerle el mejor servicio y con el objeto de facilitar el uso, se analizan el n\u00famero de p\u00e1ginas visitadas, el n\u00famero de visitas, as\u00ed como la actividad de los visitantes y su frecuencia de utilizaci\u00f3n. A estos efectos, Consello Evanx\u00e9lico de Galicia utiliza la informaci\u00f3n estad\u00edstica elaborada por el Proveedor de Servicios de Internet.<\/p>\n<p style=\"text-align: justify;\">Consello Evanx\u00e9lico de Galicia no utiliza cookies para recoger informaci\u00f3n de los usuarios, ni registra las direcciones IP de acceso. \u00danicamente se utilizan cookies propias, de sesi\u00f3n, con finalidad t\u00e9cnica (aquellas que permiten al usuario la navegaci\u00f3n a trav\u00e9s del sitio web y la utilizaci\u00f3n de las diferentes opciones y servicios que en ella existen).<\/p>\n<p style=\"text-align: justify;\">El portal del que es titular Consello Evanx\u00e9lico de Galicia contiene enlaces a sitios web de terceros, cuyas pol\u00edticas de privacidad son ajenas a la de la entidad. Al acceder a tales sitios web usted puede decidir si acepta sus pol\u00edticas de privacidad y de cookies. Con car\u00e1cter general, si navega por internet usted puede aceptar o rechazar las cookies de terceros desde las opciones de configuraci\u00f3n de su navegador.<\/p>\n<h2 style=\"text-align: justify;\">Informaci\u00f3n b\u00e1sica sobre protecci\u00f3n de datos<\/h2>\n<p style=\"text-align: justify;\">A continuaci\u00f3n, le informamos sobre la pol\u00edtica de protecci\u00f3n de datos de Consello Evanx\u00e9lico de Galicia.<\/p>\n<h2 style=\"text-align: justify;\">Responsable del tratamiento<\/h2>\n<p style=\"text-align: justify;\">Los datos de car\u00e1cter personal que se pudieran recabar directamente del interesado ser\u00e1n tratados de forma confidencial y quedar\u00e1n incorporados a la correspondiente actividad de tratamiento titularidad de Consello Evanx\u00e9lico de Galicia.<\/p>\n<h2 style=\"text-align: justify;\">Finalidad<\/h2>\n<p style=\"text-align: justify;\">La finalidad del tratamiento de los datos se detalla en los formularios de contacto a trav\u00e9s de los cuales se recaban los datos personales.<\/p>\n<ul>\n<li style=\"text-align: justify;\">prestaci\u00f3n del servicio<\/li>\n<li style=\"text-align: justify;\">cumplimiento de obligaciones legales<\/li>\n<\/ul>\n<p style=\"text-align: justify;\">La comunicaci\u00f3n de sus datos b\u00e1sicos de contacto es imprescindible para que le contactemos y respondamos a su solicitud o consulta.<\/p>\n<h2 style=\"text-align: justify;\">Legitimaci\u00f3n o base jur\u00eddica<\/h2>\n<p style=\"text-align: justify;\">\u00danicamente trataremos sus datos personales en base al consentimiento prestado por usted mediante una declaraci\u00f3n o una clara acci\u00f3n afirmativa.<\/p>\n<h2 style=\"text-align: justify;\">Conservaci\u00f3n de datos<\/h2>\n<p style=\"text-align: justify;\"><span style=\"font-weight: 400;\">Los datos personales proporcionados se conservar\u00e1n durante el tiempo necesario para cumplir con la finalidad para la que se recaban y para determinar las posibles responsabilidades que se pudieran derivar de la finalidad.<\/span><\/p>\n<h2 style=\"text-align: justify;\">Cesi\u00f3n de datos<\/h2>\n<p>Con car\u00e1cter general no se comunicar\u00e1n los datos personales a terceros, salvo obligaci\u00f3n legal, entre las que pueden estar las comunicaciones a los Jueces y Tribunales.<br \/>\nTransferencias internacionales de datos: No se prev\u00e9n transferencias internacionales de datos personales.<\/p>\n<h2 style=\"text-align: justify;\">Derechos de los interesados<\/h2>\n<p>Puede retirar el consentimiento prestado en cualquier momento y puede ejercer sus derechos de acceso, rectificaci\u00f3n, supresi\u00f3n y portabilidad de sus datos, de limitaci\u00f3n y oposici\u00f3n a su tratamiento, ante el responsable del tratamiento, enviando un correo electr\u00f3nico a info@conselloevanxelico.org<\/p>\n<h2 style=\"text-align: justify;\">Delegado de protecci\u00f3n de datos<\/h2>\n<p>El delegado de protecci\u00f3n de datos es la persona f\u00edsica o jur\u00eddica que asesora al responsable o al encargado del tratamiento acerca de las obligaciones del RGPD y dem\u00e1s normativa aplicable en protecci\u00f3n de datos, y supervisa el cumplimiento de aqu\u00e9lla y de las pol\u00edticas del responsable o encargado de tratamiento, adem\u00e1s de actuar como punto de contacto de la AEPD para cuestiones relativas al tratamiento de datos personales.<\/p>\n<p>Nuestro delegado de protecci\u00f3n de datos es Federaci\u00f3n de Entidades Religiosas Evang\u00e9licas de Espa\u00f1a, y puede contactarle para conocer m\u00e1s acerca del tratamiento de sus datos personales por esta entidad, en su domicilio en Calle Pablo Serrano, 9 posterior, de Madrid (28043), o en la direcci\u00f3n de correo electr\u00f3nico <a href=\"mailto:protecciondatos@ferede.org\">protecciondatos@ferede.org<\/a>.<\/p>\n<h2>\u00a0<\/h2>\n<h1 style=\"text-align: justify;\">Aviso legal<\/h1>\n<p>El titular del presente portal es Consello Evanx\u00e9lico de Galicia, entidad religiosa inscrita en el Registro de Entidades Religiosas con el n\u00famero 017657 con NIF R3600344J domicilio en la calle Curros Enr\u00edquez, 43, bajo posterior de A Coru\u00f1a (A Coru\u00f1a), c\u00f3digo postal 15002.<\/p>\n<h2 style=\"text-align: justify;\">Propiedad intelectual e industrial<\/h2>\n<p>El dise\u00f1o del portal y sus c\u00f3digos fuente, as\u00ed como los logos, marcas y dem\u00e1s signos distintivos que aparecen en el mismo pertenecen a Consello Evanx\u00e9lico de Galicia y est\u00e1n protegidos por los correspondientes derechos de propiedad intelectual e industrial.<\/p>\n<h2 style=\"text-align: justify;\">Responsabilidad de los contenidos<\/h2>\n<p>Consello Evanx\u00e9lico de Galicia no se hace responsable de la legalidad de otros sitios web de terceros desde los que pueda accederse al portal. Tampoco respondemos por la legalidad de otros sitios web de terceros, que pudieran estar vinculados o enlazados desde este portal.<\/p>\n<p>Consello Evanx\u00e9lico de Galicia se reserva el derecho a realizar cambios en el sitio web sin previo aviso, al objeto de mantener actualizada su informaci\u00f3n, a\u00f1adiendo, modificando, corrigiendo o eliminando los contenidos publicados o el dise\u00f1o del portal.<\/p>\n<p>Consello Evanx\u00e9lico de Galicia no ser\u00e1 responsable del uso que terceros hagan de la informaci\u00f3n publicada en el portal, ni tampoco de los da\u00f1os sufridos o p\u00e9rdidas econ\u00f3micas que, de forma directa o indirecta, produzcan o puedan producir perjuicios econ\u00f3micos, materiales o sobre datos, provocados por el uso de dicha informaci\u00f3n.<\/p>\n<h2 style=\"text-align: justify;\">Uso de lenguas<\/h2>\n<p>La p\u00e1gina web posibilitar\u00e1 el acceso a sus contenidos y servicios en gallego y castellano.<\/p>\n<h2 style=\"text-align: justify;\">Ley aplicable<\/h2>\n<p>La ley aplicable en caso de disputa o conflicto de interpretaci\u00f3n de los t\u00e9rminos que conforman este aviso legal, as\u00ed como cualquier cuesti\u00f3n relacionada con los servicios del presente portal, ser\u00e1 la ley espa\u00f1ola.<\/p>\n","protected":false},"excerpt":{"rendered":"<p>Pol\u00edtica de privacidad A trav\u00e9s de este sitio web no se recaban datos de car\u00e1cter personal de los usuarios sin su conocimiento, ni se ceden [&hellip;]<\/p>\n","protected":false},"author":6,"featured_media":0,"parent":0,"menu_order":0,"comment_status":"closed","ping_status":"closed","template":"","meta":{"footnotes":""},"class_list":["post-786","page","type-page","status-publish","hentry"],"_links":{"self":[{"href":"https:\/\/conselloevanxelico.org\/gl\/wp-json\/wp\/v2\/pages\/786","targetHints":{"allow":["GET"]}}],"collection":[{"href":"https:\/\/conselloevanxelico.org\/gl\/wp-json\/wp\/v2\/pages"}],"about":[{"href":"https:\/\/conselloevanxelico.org\/gl\/wp-json\/wp\/v2\/types\/page"}],"author":[{"embeddable":true,"href":"https:\/\/conselloevanxelico.org\/gl\/wp-json\/wp\/v2\/users\/6"}],"replies":[{"embeddable":true,"href":"https:\/\/conselloevanxelico.org\/gl\/wp-json\/wp\/v2\/comments?post=786"}],"version-history":[{"count":0,"href":"https:\/\/conselloevanxelico.org\/gl\/wp-json\/wp\/v2\/pages\/786\/revisions"}],"wp:attachment":[{"href":"https:\/\/conselloevanxelico.org\/gl\/wp-json\/wp\/v2\/media?parent=786"}],"curies":[{"name":"wp","href":"https:\/\/api.w.org\/{rel}","templated":true}]}}