{"id":50,"date":"2016-04-21T18:15:18","date_gmt":"2016-04-21T16:15:18","guid":{"rendered":"http:\/\/conselloevanxelico.org\/wp\/?page_id=50"},"modified":"2016-06-02T19:46:25","modified_gmt":"2016-06-02T17:46:25","slug":"otros","status":"publish","type":"page","link":"https:\/\/conselloevanxelico.org\/gl\/eventos\/otros\/","title":{"rendered":"Outros Eventos"},"content":{"rendered":"<div id=\"pl-50\"  class=\"panel-layout\" ><div id=\"pg-50-0\"  class=\"panel-grid panel-no-style\" ><div id=\"pgc-50-0-0\"  class=\"panel-grid-cell\" ><div id=\"panel-50-0-0-0\" class=\"so-panel widget widget_text panel-first-child\" data-index=\"0\" >\t\t\t<div class=\"textwidget\"><\/div>\n\t\t<\/div><div id=\"panel-50-0-0-1\" class=\"so-panel widget widget_merlin_category_posts_grid merlin_category_posts_grid panel-last-child\" data-index=\"1\" >\t\t<div class=\"widget-category-posts-grid widget-category-posts clearfix\">\r\n\t\t\r\n\t\t\t\t\t\t\r\n\t\t\t<div class=\"widget-category-posts-content\">\r\n\t\t\t\r\n\t\t\t\t\t\t\t\t\t<div class=\"category-posts-grid-row large-post-row clearfix\">\r\n\t\t\t\t\t\t\t\t\r\n\t\t\t\t\t\t<article id=\"post-7535\" class=\"large-post post-7535 post type-post status-publish format-standard has-post-thumbnail hentry category-noticias category-otros-eventos\">\r\n\t\t\t\t\t\t\r\n\t\t\t\t\t\t\t<header class=\"entry-header\">\r\n\t\t\t\r\n\t\t\t\t\t\t\t\t<a href=\"https:\/\/conselloevanxelico.org\/gl\/taller-redes-sociales-y-comunicacion-en-la-iglesia\/\" rel=\"bookmark\"><img decoding=\"async\" src=\"https:\/\/conselloevanxelico.org\/wp-content\/uploads\/Foto1-Cartel-Taller-Redes-Sociales-7-marzo-2026-585x325.png\" class=\"attachment-merlin-category-posts-widget-large size-merlin-category-posts-widget-large wp-post-image\" alt=\"\" srcset=\"https:\/\/conselloevanxelico.org\/wp-content\/uploads\/Foto1-Cartel-Taller-Redes-Sociales-7-marzo-2026-585x325.png 585w, https:\/\/conselloevanxelico.org\/wp-content\/uploads\/Foto1-Cartel-Taller-Redes-Sociales-7-marzo-2026-135x75.png 135w, https:\/\/conselloevanxelico.org\/wp-content\/uploads\/Foto1-Cartel-Taller-Redes-Sociales-7-marzo-2026-270x150.png 270w, https:\/\/conselloevanxelico.org\/wp-content\/uploads\/Foto1-Cartel-Taller-Redes-Sociales-7-marzo-2026-450x250.png 450w\" sizes=\"(max-width: 585px) 100vw, 585px\" \/><\/a>\r\n\r\n\t\t\t\t\t\t\t\t<h2 class=\"entry-title\"><a href=\"https:\/\/conselloevanxelico.org\/gl\/taller-redes-sociales-y-comunicacion-en-la-iglesia\/\" rel=\"bookmark\">Obradoiro: Redes Sociais e Comunicaci\u00f3n na Igrexa<\/a><\/h2>\t\t\t\t\t\t\t\r\n\t\t\t\t\t\t\t\t<div class=\"entry-meta\">\r\n\t\t\t\t\t\t\t\t\t\t\t\t\t\t\t\t\t<\/div><!-- .entry-meta -->\r\n\t\t\t\t\t\t\r\n\t\t\t\t\t\t\t<\/header><!-- .entry-header -->\r\n\r\n\t\t\t\t\t\t\t\t\t\t\t\t\t\r\n\t\t\t\t\t\t\t<div class=\"entry-content clearfix\">\r\n\t\t\t\t\t\t\t\t<p>Obradoiro: Redes Sociais e Comunicaci\u00f3n na Igrexa: Oportunidades, l\u00edmites e boas pr\u00e1cticas Como comunica a [&hellip;]<\/p>\n\t\t\t\t\t\t\t\t\n\t<a href=\"https:\/\/conselloevanxelico.org\/gl\/taller-redes-sociales-y-comunicacion-en-la-iglesia\/\" class=\"more-link\">Ler m\u00e1is<\/a>\n\n\t\t\t\t\t\t\t<\/div><!-- .entry-content -->\r\n\t\t\t\t\t\t\t\r\n\t\t\t\t\t\t\r\n\t\t\t\t\t\t<\/article>\r\n\t\t\r\n\t\t\t\t\t\t\t\t\r\n\t\t\t\t\t\t<article id=\"post-1642\" class=\"large-post post-1642 post type-post status-publish format-standard has-post-thumbnail hentry category-eventos category-otros-eventos\">\r\n\t\t\t\t\t\t\r\n\t\t\t\t\t\t\t<header class=\"entry-header\">\r\n\t\t\t\r\n\t\t\t\t\t\t\t\t<a href=\"https:\/\/conselloevanxelico.org\/gl\/actuacion-proyecto-gospellitles\/\" rel=\"bookmark\"><img decoding=\"async\" src=\"https:\/\/conselloevanxelico.org\/wp-content\/uploads\/Foto-Actuaci\u00f3n-Gospellitles-en-Coru\u00f1a-585x318.png\" class=\"attachment-merlin-category-posts-widget-large size-merlin-category-posts-widget-large wp-post-image\" alt=\"\" \/><\/a>\r\n\r\n\t\t\t\t\t\t\t\t<h2 class=\"entry-title\"><a href=\"https:\/\/conselloevanxelico.org\/gl\/actuacion-proyecto-gospellitles\/\" rel=\"bookmark\">Actuaci\u00f3n proxecto Gospellitles<\/a><\/h2>\t\t\t\t\t\t\t\r\n\t\t\t\t\t\t\t\t<div class=\"entry-meta\">\r\n\t\t\t\t\t\t\t\t\t\t\t\t\t\t\t\t\t<\/div><!-- .entry-meta -->\r\n\t\t\t\t\t\t\r\n\t\t\t\t\t\t\t<\/header><!-- .entry-header -->\r\n\r\n\t\t\t\t\t\t\t\t\t\t\t\t\t\r\n\t\t\t\t\t\t\t<div class=\"entry-content clearfix\">\r\n\t\t\t\t\t\t\t\t<p>Actuaci\u00f3n na Coru\u00f1a do proxecto Gospellitles en varios colexios de educaci\u00f3n primaria.<\/p>\n\t\t\t\t\t\t\t\t\n\t<a href=\"https:\/\/conselloevanxelico.org\/gl\/actuacion-proyecto-gospellitles\/\" class=\"more-link\">Ler m\u00e1is<\/a>\n\n\t\t\t\t\t\t\t<\/div><!-- .entry-content -->\r\n\t\t\t\t\t\t\t\r\n\t\t\t\t\t\t\r\n\t\t\t\t\t\t<\/article>\r\n\t\t\r\n\t\t\t\t\t\t\t\t\t<\/div>\r\n\t\t\t\t\t\t\t\t\t<div class=\"category-posts-grid-row large-post-row clearfix\">\r\n\t\t\t\t\t\t\t\t\r\n\t\t\t\t\t\t<article id=\"post-1348\" class=\"large-post post-1348 post type-post status-publish format-standard has-post-thumbnail hentry category-eventos category-otros-eventos\">\r\n\t\t\t\t\t\t\r\n\t\t\t\t\t\t\t<header class=\"entry-header\">\r\n\t\t\t\r\n\t\t\t\t\t\t\t\t<a href=\"https:\/\/conselloevanxelico.org\/gl\/450-personas-dieron-la-bienvenida-al-concierto-solidario-del-coro-gospel-vida\/\" rel=\"bookmark\"><img decoding=\"async\" src=\"https:\/\/conselloevanxelico.org\/wp-content\/uploads\/Coro--585x325.jpg\" class=\"attachment-merlin-category-posts-widget-large size-merlin-category-posts-widget-large wp-post-image\" alt=\"\" srcset=\"https:\/\/conselloevanxelico.org\/wp-content\/uploads\/Coro--585x325.jpg 585w, https:\/\/conselloevanxelico.org\/wp-content\/uploads\/Coro--135x75.jpg 135w, https:\/\/conselloevanxelico.org\/wp-content\/uploads\/Coro--270x150.jpg 270w, https:\/\/conselloevanxelico.org\/wp-content\/uploads\/Coro--450x250.jpg 450w\" sizes=\"(max-width: 585px) 100vw, 585px\" \/><\/a>\r\n\r\n\t\t\t\t\t\t\t\t<h2 class=\"entry-title\"><a href=\"https:\/\/conselloevanxelico.org\/gl\/450-personas-dieron-la-bienvenida-al-concierto-solidario-del-coro-gospel-vida\/\" rel=\"bookmark\">450 persoas deron a benvida ao concerto solidario do Coro G\u00f3spel Vida<\/a><\/h2>\t\t\t\t\t\t\t\r\n\t\t\t\t\t\t\t\t<div class=\"entry-meta\">\r\n\t\t\t\t\t\t\t\t\t\t\t\t\t\t\t\t\t<\/div><!-- .entry-meta -->\r\n\t\t\t\t\t\t\r\n\t\t\t\t\t\t\t<\/header><!-- .entry-header -->\r\n\r\n\t\t\t\t\t\t\t\t\t\t\t\t\t\r\n\t\t\t\t\t\t\t<div class=\"entry-content clearfix\">\r\n\t\t\t\t\t\t\t\t<p>O concerto que se celebrou onte, domingo \u00a09 de decembro de 2018 \u00e1s 18:00 horas [&hellip;]<\/p>\n\t\t\t\t\t\t\t\t\n\t<a href=\"https:\/\/conselloevanxelico.org\/gl\/450-personas-dieron-la-bienvenida-al-concierto-solidario-del-coro-gospel-vida\/\" class=\"more-link\">Ler m\u00e1is<\/a>\n\n\t\t\t\t\t\t\t<\/div><!-- .entry-content -->\r\n\t\t\t\t\t\t\t\r\n\t\t\t\t\t\t\r\n\t\t\t\t\t\t<\/article>\r\n\t\t\r\n\t\t\t\t\t\t\t\t\r\n\t\t\t\t\t\t<article id=\"post-1344\" class=\"large-post post-1344 post type-post status-publish format-standard has-post-thumbnail hentry category-eventos category-otros-eventos\">\r\n\t\t\t\t\t\t\r\n\t\t\t\t\t\t\t<header class=\"entry-header\">\r\n\t\t\t\r\n\t\t\t\t\t\t\t\t<a href=\"https:\/\/conselloevanxelico.org\/gl\/el-concierto-solidario-del-coro-gospel-vida-en-la-comarca-corunesa\/\" rel=\"bookmark\"><img decoding=\"async\" src=\"https:\/\/conselloevanxelico.org\/wp-content\/uploads\/Logo-Coro-Gospel-Vida.bmp\" class=\"attachment-merlin-category-posts-widget-large size-merlin-category-posts-widget-large wp-post-image\" alt=\"\" \/><\/a>\r\n\r\n\t\t\t\t\t\t\t\t<h2 class=\"entry-title\"><a href=\"https:\/\/conselloevanxelico.org\/gl\/el-concierto-solidario-del-coro-gospel-vida-en-la-comarca-corunesa\/\" rel=\"bookmark\">O Concerto Solidario do Coro G\u00f3spel Vida na comarca coru\u00f1esa<\/a><\/h2>\t\t\t\t\t\t\t\r\n\t\t\t\t\t\t\t\t<div class=\"entry-meta\">\r\n\t\t\t\t\t\t\t\t\t\t\t\t\t\t\t\t\t<\/div><!-- .entry-meta -->\r\n\t\t\t\t\t\t\r\n\t\t\t\t\t\t\t<\/header><!-- .entry-header -->\r\n\r\n\t\t\t\t\t\t\t\t\t\t\t\t\t\r\n\t\t\t\t\t\t\t<div class=\"entry-content clearfix\">\r\n\t\t\t\t\t\t\t\t<p>O concerto, que se celebrar\u00e1 o domingo, 9 de decembro de 2018 \u00e1s 18:00 horas [&hellip;]<\/p>\n\t\t\t\t\t\t\t\t\n\t<a href=\"https:\/\/conselloevanxelico.org\/gl\/el-concierto-solidario-del-coro-gospel-vida-en-la-comarca-corunesa\/\" class=\"more-link\">Ler m\u00e1is<\/a>\n\n\t\t\t\t\t\t\t<\/div><!-- .entry-content -->\r\n\t\t\t\t\t\t\t\r\n\t\t\t\t\t\t\r\n\t\t\t\t\t\t<\/article>\r\n\t\t\r\n\t\t\t\t\t\t\t\t\t<\/div>\r\n\t\t\t\t\t\t\t\t\t<div class=\"category-posts-grid-row large-post-row clearfix\">\r\n\t\t\t\t\t\t\t\t\r\n\t\t\t\t\t\t<article id=\"post-1161\" class=\"large-post post-1161 post type-post status-publish format-standard has-post-thumbnail hentry category-eventos category-otros-eventos\">\r\n\t\t\t\t\t\t\r\n\t\t\t\t\t\t\t<header class=\"entry-header\">\r\n\t\t\t\r\n\t\t\t\t\t\t\t\t<a href=\"https:\/\/conselloevanxelico.org\/gl\/encontro-xuntos-galicia-santiago\/\" rel=\"bookmark\"><img decoding=\"async\" src=\"https:\/\/conselloevanxelico.org\/wp-content\/uploads\/portada-1-585x325.jpeg\" class=\"attachment-merlin-category-posts-widget-large size-merlin-category-posts-widget-large wp-post-image\" alt=\"\" srcset=\"https:\/\/conselloevanxelico.org\/wp-content\/uploads\/portada-1-585x325.jpeg 585w, https:\/\/conselloevanxelico.org\/wp-content\/uploads\/portada-1-135x75.jpeg 135w, https:\/\/conselloevanxelico.org\/wp-content\/uploads\/portada-1-270x150.jpeg 270w, https:\/\/conselloevanxelico.org\/wp-content\/uploads\/portada-1-450x250.jpeg 450w\" sizes=\"(max-width: 585px) 100vw, 585px\" \/><\/a>\r\n\r\n\t\t\t\t\t\t\t\t<h2 class=\"entry-title\"><a href=\"https:\/\/conselloevanxelico.org\/gl\/encontro-xuntos-galicia-santiago\/\" rel=\"bookmark\">Encontro Xuntos por Galicia en Santiago<\/a><\/h2>\t\t\t\t\t\t\t\r\n\t\t\t\t\t\t\t\t<div class=\"entry-meta\">\r\n\t\t\t\t\t\t\t\t\t\t\t\t\t\t\t\t\t<\/div><!-- .entry-meta -->\r\n\t\t\t\t\t\t\r\n\t\t\t\t\t\t\t<\/header><!-- .entry-header -->\r\n\r\n\t\t\t\t\t\t\t\t\t\t\t\t\t\r\n\t\t\t\t\t\t\t<div class=\"entry-content clearfix\">\r\n\t\t\t\t\t\t\t\t<p>Encontro interxeracional evanx\u00e9lico en Santiago de Compostela baixo o\u00a0t\u00edtulo &#8220;Xuntos por Galicia&#8221; O Encontro Interxeracional [&hellip;]<\/p>\n\t\t\t\t\t\t\t\t\n\t<a href=\"https:\/\/conselloevanxelico.org\/gl\/encontro-xuntos-galicia-santiago\/\" class=\"more-link\">Ler m\u00e1is<\/a>\n\n\t\t\t\t\t\t\t<\/div><!-- .entry-content -->\r\n\t\t\t\t\t\t\t\r\n\t\t\t\t\t\t\r\n\t\t\t\t\t\t<\/article>\r\n\t\t\r\n\t\t\t\t\t\t\t\t\r\n\t\t\t\t\t\t<article id=\"post-1123\" class=\"large-post post-1123 post type-post status-publish format-standard has-post-thumbnail hentry category-eventos category-otros-eventos\">\r\n\t\t\t\t\t\t\r\n\t\t\t\t\t\t\t<header class=\"entry-header\">\r\n\t\t\t\r\n\t\t\t\t\t\t\t\t<a href=\"https:\/\/conselloevanxelico.org\/gl\/la-union-bautista-del-noroeste-celebra-la-xuntanza-2017-vigo\/\" rel=\"bookmark\"><img decoding=\"async\" src=\"https:\/\/conselloevanxelico.org\/wp-content\/uploads\/xuntanza-1-mayo-2017-banner-585x325.jpg\" class=\"attachment-merlin-category-posts-widget-large size-merlin-category-posts-widget-large wp-post-image\" alt=\"\" srcset=\"https:\/\/conselloevanxelico.org\/wp-content\/uploads\/xuntanza-1-mayo-2017-banner-585x325.jpg 585w, https:\/\/conselloevanxelico.org\/wp-content\/uploads\/xuntanza-1-mayo-2017-banner-135x75.jpg 135w, https:\/\/conselloevanxelico.org\/wp-content\/uploads\/xuntanza-1-mayo-2017-banner-270x150.jpg 270w, https:\/\/conselloevanxelico.org\/wp-content\/uploads\/xuntanza-1-mayo-2017-banner-450x250.jpg 450w\" sizes=\"(max-width: 585px) 100vw, 585px\" \/><\/a>\r\n\r\n\t\t\t\t\t\t\t\t<h2 class=\"entry-title\"><a href=\"https:\/\/conselloevanxelico.org\/gl\/la-union-bautista-del-noroeste-celebra-la-xuntanza-2017-vigo\/\" rel=\"bookmark\">A Uni\u00f3n Bautista do Noroeste celebra a Xuntanza 2017 en Vigo<\/a><\/h2>\t\t\t\t\t\t\t\r\n\t\t\t\t\t\t\t\t<div class=\"entry-meta\">\r\n\t\t\t\t\t\t\t\t\t\t\t\t\t\t\t\t\t<\/div><!-- .entry-meta -->\r\n\t\t\t\t\t\t\r\n\t\t\t\t\t\t\t<\/header><!-- .entry-header -->\r\n\r\n\t\t\t\t\t\t\t\t\t\t\t\t\t\r\n\t\t\t\t\t\t\t<div class=\"entry-content clearfix\">\r\n\t\t\t\t\t\t\t\t<p>A Uni\u00f3n Bautista do Noroeste (UBNO) ten previsto celebrar o evento de Xuntanza 2017 na [&hellip;]<\/p>\n\t\t\t\t\t\t\t\t\n\t<a href=\"https:\/\/conselloevanxelico.org\/gl\/la-union-bautista-del-noroeste-celebra-la-xuntanza-2017-vigo\/\" class=\"more-link\">Ler m\u00e1is<\/a>\n\n\t\t\t\t\t\t\t<\/div><!-- .entry-content -->\r\n\t\t\t\t\t\t\t\r\n\t\t\t\t\t\t\r\n\t\t\t\t\t\t<\/article>\r\n\t\t\r\n\t\t\t\t\t\t\t\t\t<\/div>\r\n\t\t\t\t\t\t\t\t\r\n\t\t\t<\/div>\r\n\t\t\t\r\n\t\t<\/div>\r\n\t<\/div><\/div><\/div><\/div>","protected":false},"excerpt":{"rendered":"<p>Olimpiadas Evanx\u00e9licas \u2013 Galicia 2016 La Agrupaci\u00f3n Evang\u00e9lica de deportes organiza la 17\u00aa Olimpiada Gallega, una vez m\u00e1s en la [\u2026] Read more Espa\u00f1a Oramos [&hellip;]<\/p>\n","protected":false},"author":6,"featured_media":0,"parent":43,"menu_order":1,"comment_status":"closed","ping_status":"closed","template":"","meta":{"footnotes":""},"class_list":["post-50","page","type-page","status-publish","hentry"],"_links":{"self":[{"href":"https:\/\/conselloevanxelico.org\/gl\/wp-json\/wp\/v2\/pages\/50","targetHints":{"allow":["GET"]}}],"collection":[{"href":"https:\/\/conselloevanxelico.org\/gl\/wp-json\/wp\/v2\/pages"}],"about":[{"href":"https:\/\/conselloevanxelico.org\/gl\/wp-json\/wp\/v2\/types\/page"}],"author":[{"embeddable":true,"href":"https:\/\/conselloevanxelico.org\/gl\/wp-json\/wp\/v2\/users\/6"}],"replies":[{"embeddable":true,"href":"https:\/\/conselloevanxelico.org\/gl\/wp-json\/wp\/v2\/comments?post=50"}],"version-history":[{"count":0,"href":"https:\/\/conselloevanxelico.org\/gl\/wp-json\/wp\/v2\/pages\/50\/revisions"}],"up":[{"embeddable":true,"href":"https:\/\/conselloevanxelico.org\/gl\/wp-json\/wp\/v2\/pages\/43"}],"wp:attachment":[{"href":"https:\/\/conselloevanxelico.org\/gl\/wp-json\/wp\/v2\/media?parent=50"}],"curies":[{"name":"wp","href":"https:\/\/api.w.org\/{rel}","templated":true}]}}