{"id":473,"date":"2016-05-31T16:56:45","date_gmt":"2016-05-31T14:56:45","guid":{"rendered":"http:\/\/conselloevanxelico.org\/wp\/?page_id=473"},"modified":"2025-03-25T16:41:58","modified_gmt":"2025-03-25T15:41:58","slug":"saludos","status":"publish","type":"page","link":"https:\/\/conselloevanxelico.org\/gl\/nosotros\/saludos\/","title":{"rendered":"Sa\u00fados do presidente do Consello Evanx\u00e9lico de Galicia"},"content":{"rendered":"<p><\/p>\n<p>Benvidos a p\u00e1xina web do Consello Evanx\u00e9lico de Galicia, na que agardamos encontredes a informaci\u00f3n que vos axude a co\u00f1ecernos mellor.<img loading=\"lazy\" decoding=\"async\" class=\" wp-image-7182 alignright\" src=\"https:\/\/conselloevanxelico.org\/wp-content\/uploads\/Foto-1-Recortada-Presidente-cuerpo-entero-114x300.png\" alt=\"\" width=\"237\" height=\"624\" srcset=\"https:\/\/conselloevanxelico.org\/wp-content\/uploads\/Foto-1-Recortada-Presidente-cuerpo-entero-114x300.png 114w, https:\/\/conselloevanxelico.org\/wp-content\/uploads\/Foto-1-Recortada-Presidente-cuerpo-entero.png 199w\" sizes=\"auto, (max-width: 237px) 100vw, 237px\" \/><\/p>\n<p>Atoparedes nesta p\u00e1xina que o Consello Evanx\u00e9lico de Galicia (CEG) est\u00e1 integrado por igrexas e entidades evanx\u00e9licas ou protestantes con sede na Comunidade Aut\u00f3noma Galega.<\/p>\n<p>O CEG e a entidade asociativa que fai visible \u00e1s igrexas como grupo corporativo na sociedade galega, por un lado, propiciando unha maior e mellor expansi\u00f3n de evanxeo, coordinando esforzos e actividades e, por outro lado, potenciando a fraternidade entre as distintas congregacions.<\/p>\n<p>Ademais, lembr\u00e1mosvos noutra orde de cousas, que os crentes traballamos ofrecendo \u00e1 sociedade un conxunto de servizos a trav\u00e9s das diferentes igresas, denominaci\u00f3ns ou entidades, tales como actividades culturais, apoio a marginados ou a drogodepentes, colaboraci\u00f3n a trav\u00e9s das nosas ONG\u00b4s e outros<\/p>\n<p>Queremos convidar a aquelas igrexas de Galicia que a\u00ednda non est\u00e1n integradas no CEG a que se adscriban a este organismo formalmente, fortalecendo as\u00ed, o proxecto com\u00fan do pobo evanx\u00e9lico ou protestante, e asimesmo beneficiarse \u00a0das vantaxes que sup\u00f3n formar parte dunha entidade destas caracter\u00edsticas, sen perder por iso a s\u00faa independencia o autonom\u00eda no chamado cristi\u00e1.<\/p>\n<p>Que Deus vos bendiga en toda a vosa b\u00fasqueda.<\/p>\n<p><strong>Miguel Zapata Alcayde<\/strong><\/p>\n<p>Presidente do Consello Evanx\u00e9lico de Galicia<\/p>\n<p>&nbsp;<\/p>\n<hr \/>\n<h2><strong>Sa\u00fados do Secretario Executivo do CEG<\/strong><\/h2>\n<p style=\"text-align: justify;\"><span style=\"font-weight: 400;\"><img loading=\"lazy\" decoding=\"async\" width=\"295\" height=\"300\" class=\"size-medium wp-image-7184 alignleft\" src=\"https:\/\/conselloevanxelico.org\/wp-content\/uploads\/Foto-2-molino-Enrique-295x300.jpeg\" alt=\"\" srcset=\"https:\/\/conselloevanxelico.org\/wp-content\/uploads\/Foto-2-molino-Enrique-295x300.jpeg 295w, https:\/\/conselloevanxelico.org\/wp-content\/uploads\/Foto-2-molino-Enrique.jpeg 944w\" sizes=\"auto, (max-width: 295px) 100vw, 295px\" \/><\/span><\/p>\n<p style=\"margin-bottom: 18.0pt; text-align: justify; line-height: 16.5pt; background: white;\"><span style=\"font-family: Roboto; color: #404040;\">En nome do Consello Evanx\u00e9lico de Galicia ( CEG ) e do meu propio quero darlles a benvida a este novo espazo de encontro. Desde o seu nacemento en 1997, o Consello persegue ofrecer un servizo mellor e m\u00e1is eficiente \u00e1s igrexas,\u00a0 ante isto \u00e9 o meu desexo aproveitar esta oportunidade para lembrar os servizos que podemos ofrecerlles as\u00ed como destacar os proxectos futuros pendentes de desenvolver sobre os cales se vos informar\u00e1.<\/span><\/p>\n<p style=\"margin-bottom: 18.0pt; text-align: justify; line-height: 16.5pt; background: white;\"><span style=\"font-family: Roboto; color: #404040;\">Asimesmo, quero animar a todas as igrexas que a\u00ednda non sodes membros do CEG a que vos sumedes a este proxecto e que xuntos podamos continuar coa labor que temos encomendada.<\/span><\/p>\n<p style=\"margin-bottom: 18.0pt; line-height: 16.5pt; background: white; box-sizing: inherit; overflow-wrap: break-word; font-variant-ligatures: normal; font-variant-caps: normal; orphans: 2; text-align: start; widows: 2; -webkit-text-stroke-width: 0px; text-decoration-thickness: initial; text-decoration-style: initial; text-decoration-color: initial; word-spacing: 0px;\"><span style=\"font-family: Roboto; color: #404040;\">Cos meus mellores desexos env\u00edovos un cordial sa\u00fado.<\/span><\/p>\n<p style=\"text-align: justify;\"><strong>Enrique Iglesias Campelo<\/strong><\/p>\n<p>Secretario Executivo do Consello Evanx\u00e9lico de Galicia<\/p>\n<p style=\"text-align: justify;\">\u00a0<\/p>\n<p><\/p>","protected":false},"excerpt":{"rendered":"<p>Benvidos a p\u00e1xina web do Consello Evanx\u00e9lico de Galicia, na que agardamos encontredes a informaci\u00f3n que vos axude a co\u00f1ecernos mellor. Atoparedes nesta p\u00e1xina que [&hellip;]<\/p>\n","protected":false},"author":6,"featured_media":0,"parent":286,"menu_order":0,"comment_status":"closed","ping_status":"closed","template":"","meta":{"footnotes":""},"class_list":["post-473","page","type-page","status-publish","hentry"],"_links":{"self":[{"href":"https:\/\/conselloevanxelico.org\/gl\/wp-json\/wp\/v2\/pages\/473","targetHints":{"allow":["GET"]}}],"collection":[{"href":"https:\/\/conselloevanxelico.org\/gl\/wp-json\/wp\/v2\/pages"}],"about":[{"href":"https:\/\/conselloevanxelico.org\/gl\/wp-json\/wp\/v2\/types\/page"}],"author":[{"embeddable":true,"href":"https:\/\/conselloevanxelico.org\/gl\/wp-json\/wp\/v2\/users\/6"}],"replies":[{"embeddable":true,"href":"https:\/\/conselloevanxelico.org\/gl\/wp-json\/wp\/v2\/comments?post=473"}],"version-history":[{"count":0,"href":"https:\/\/conselloevanxelico.org\/gl\/wp-json\/wp\/v2\/pages\/473\/revisions"}],"up":[{"embeddable":true,"href":"https:\/\/conselloevanxelico.org\/gl\/wp-json\/wp\/v2\/pages\/286"}],"wp:attachment":[{"href":"https:\/\/conselloevanxelico.org\/gl\/wp-json\/wp\/v2\/media?parent=473"}],"curies":[{"name":"wp","href":"https:\/\/api.w.org\/{rel}","templated":true}]}}