{"id":47,"date":"2016-04-21T18:14:36","date_gmt":"2016-04-21T16:14:36","guid":{"rendered":"http:\/\/conselloevanxelico.org\/wp\/?page_id=47"},"modified":"2025-04-07T22:34:42","modified_gmt":"2025-04-07T20:34:42","slug":"xunta-del-ceg","status":"publish","type":"page","link":"https:\/\/conselloevanxelico.org\/gl\/xunta-del-ceg\/","title":{"rendered":"Xunta do CEG"},"content":{"rendered":"<p><\/p>\n<p><strong>Presidente<\/strong><br \/>\nMiguel Zapata Alcayde<\/p>\n<p><strong>Secretario Executivo<\/strong><br \/>\nEnrique Garc\u00eda Campelo<\/p>\n<p><strong>Tesoreiro<\/strong><br \/>\nTom\u00e1s Acu\u00f1a Lagos<\/p>\n<h3><strong>REPRESENTANTES DENOMINACIONAIS<\/strong><\/h3>\n<p><strong>Asambleas de Dios<\/strong><br \/>\nAlberto Mart\u00edn S\u00e1nchez Varela<\/p>\n<p><strong>Asambleas de Hermanos<\/strong><br \/>\nJuan Mart\u00ednez Lagos<\/p>\n<p><strong>Iglesias Bautistas<\/strong><br \/>\nLeonel Ricardo Renter\u00eda Campos<\/p>\n<p><strong>Buenas Noticias<\/strong><br \/>\nAlejandro Romero Mart\u00edn<\/p>\n<p><strong>Cuerpo de Cristo<\/strong><br \/>\nAntonio Pazos Couto<\/p>\n<p><strong>Iglesia de Dios Pentecostal<\/strong><br \/>\nMiguel Zapata Alcayde<\/p>\n<p><strong>Outras Igrexas<\/strong><br \/>\nDavid Zapata Franchino<\/p>\n<h3>CONSELLER\u00cdAS<\/h3>\n<p><strong>Asistencia Relixiosa<\/strong><br \/>\n<strong>&#8211; Hospitalaria<\/strong><br \/>\nJos\u00e9 Antonio Garc\u00eda V\u00e1zquez<\/p>\n<p><strong>&#8211; Penitenciaria<\/strong><br \/>\nFernando N\u00fa\u00f1ez Freire<\/p>\n<p><strong>Diacon\u00eda<\/strong><br \/>\n(Vacante)<\/p>\n<p><strong>Educaci\u00f3n Relixiosa Evanx\u00e9lica (ERE)<\/strong><br \/>\nMaika Cancela Freire<\/p>\n<p><strong>Xuventude<\/strong><br \/>\n(Vacante)<\/p>\n<p><strong>Medios de Comunicaci\u00f3n<\/strong><br \/>\nEncarna Crujeiras P\u00e9rez<\/p>\n<p><strong>Patrimonio<\/strong><br \/>\n(Vacante)<\/p>\n<h3>COMISI\u00d3NS<\/h3>\n<p><strong>Asesor Legal<\/strong><br \/>\n(Vacante) Asesor\u00eda FEREDE<\/p>\n<h3><strong>COMUNICACI\u00d3NS<\/strong><\/h3>\n<p><a href=\"mailto:info@conselloevanxelico.org\">info@conselloevanxelico.org<\/a><\/p>\n<p><\/p>","protected":false},"excerpt":{"rendered":"<p>Presidente Miguel Zapata Alcayde Secretario Executivo Enrique Garc\u00eda Campelo Tesoreiro Tom\u00e1s Acu\u00f1a Lagos REPRESENTANTES DENOMINACIONAIS Asambleas de Dios Alberto Mart\u00edn S\u00e1nchez Varela Asambleas de Hermanos [&hellip;]<\/p>\n","protected":false},"author":6,"featured_media":0,"parent":0,"menu_order":0,"comment_status":"closed","ping_status":"closed","template":"","meta":{"footnotes":""},"class_list":["post-47","page","type-page","status-publish","hentry"],"_links":{"self":[{"href":"https:\/\/conselloevanxelico.org\/gl\/wp-json\/wp\/v2\/pages\/47","targetHints":{"allow":["GET"]}}],"collection":[{"href":"https:\/\/conselloevanxelico.org\/gl\/wp-json\/wp\/v2\/pages"}],"about":[{"href":"https:\/\/conselloevanxelico.org\/gl\/wp-json\/wp\/v2\/types\/page"}],"author":[{"embeddable":true,"href":"https:\/\/conselloevanxelico.org\/gl\/wp-json\/wp\/v2\/users\/6"}],"replies":[{"embeddable":true,"href":"https:\/\/conselloevanxelico.org\/gl\/wp-json\/wp\/v2\/comments?post=47"}],"version-history":[{"count":0,"href":"https:\/\/conselloevanxelico.org\/gl\/wp-json\/wp\/v2\/pages\/47\/revisions"}],"wp:attachment":[{"href":"https:\/\/conselloevanxelico.org\/gl\/wp-json\/wp\/v2\/media?parent=47"}],"curies":[{"name":"wp","href":"https:\/\/api.w.org\/{rel}","templated":true}]}}