{"id":43,"date":"2016-04-21T18:12:07","date_gmt":"2016-04-21T16:12:07","guid":{"rendered":"http:\/\/conselloevanxelico.org\/wp\/?page_id=43"},"modified":"2016-07-01T06:53:11","modified_gmt":"2016-07-01T04:53:11","slug":"eventos","status":"publish","type":"page","link":"https:\/\/conselloevanxelico.org\/gl\/eventos\/","title":{"rendered":"Eventos"},"content":{"rendered":"<div id=\"pl-43\"  class=\"panel-layout\" ><div id=\"pg-43-0\"  class=\"panel-grid panel-no-style\" ><div id=\"pgc-43-0-0\"  class=\"panel-grid-cell\" ><div id=\"panel-43-0-0-0\" class=\"so-panel widget widget_text panel-first-child\" data-index=\"0\" >\t\t\t<div class=\"textwidget\"><\/div>\n\t\t<\/div><div id=\"panel-43-0-0-1\" class=\"so-panel widget widget_merlin_category_posts_grid merlin_category_posts_grid panel-last-child\" data-index=\"1\" >\t\t<div class=\"widget-category-posts-grid widget-category-posts clearfix\">\r\n\t\t\r\n\t\t\t\t\t\t\r\n\t\t\t<div class=\"widget-category-posts-content\">\r\n\t\t\t\r\n\t\t\t\t\t\t\t\t\t<div class=\"category-posts-grid-row large-post-row clearfix\">\r\n\t\t\t\t\t\t\t\t\r\n\t\t\t\t\t\t<article id=\"post-7535\" class=\"large-post post-7535 post type-post status-publish format-standard has-post-thumbnail hentry category-noticias category-otros-eventos\">\r\n\t\t\t\t\t\t\r\n\t\t\t\t\t\t\t<header class=\"entry-header\">\r\n\t\t\t\r\n\t\t\t\t\t\t\t\t<a href=\"https:\/\/conselloevanxelico.org\/gl\/taller-redes-sociales-y-comunicacion-en-la-iglesia\/\" rel=\"bookmark\"><img decoding=\"async\" src=\"https:\/\/conselloevanxelico.org\/wp-content\/uploads\/Foto1-Cartel-Taller-Redes-Sociales-7-marzo-2026-585x325.png\" class=\"attachment-merlin-category-posts-widget-large size-merlin-category-posts-widget-large wp-post-image\" alt=\"\" srcset=\"https:\/\/conselloevanxelico.org\/wp-content\/uploads\/Foto1-Cartel-Taller-Redes-Sociales-7-marzo-2026-585x325.png 585w, https:\/\/conselloevanxelico.org\/wp-content\/uploads\/Foto1-Cartel-Taller-Redes-Sociales-7-marzo-2026-135x75.png 135w, https:\/\/conselloevanxelico.org\/wp-content\/uploads\/Foto1-Cartel-Taller-Redes-Sociales-7-marzo-2026-270x150.png 270w, https:\/\/conselloevanxelico.org\/wp-content\/uploads\/Foto1-Cartel-Taller-Redes-Sociales-7-marzo-2026-450x250.png 450w\" sizes=\"(max-width: 585px) 100vw, 585px\" \/><\/a>\r\n\r\n\t\t\t\t\t\t\t\t<h2 class=\"entry-title\"><a href=\"https:\/\/conselloevanxelico.org\/gl\/taller-redes-sociales-y-comunicacion-en-la-iglesia\/\" rel=\"bookmark\">Obradoiro: Redes Sociais e Comunicaci\u00f3n na Igrexa<\/a><\/h2>\t\t\t\t\t\t\t\r\n\t\t\t\t\t\t\t\t<div class=\"entry-meta\">\r\n\t\t\t\t\t\t\t\t\t\t\t\t\t\t\t\t\t<\/div><!-- .entry-meta -->\r\n\t\t\t\t\t\t\r\n\t\t\t\t\t\t\t<\/header><!-- .entry-header -->\r\n\r\n\t\t\t\t\t\t\t\t\t\t\t\t\t\r\n\t\t\t\t\t\t\t<div class=\"entry-content clearfix\">\r\n\t\t\t\t\t\t\t\t<p>Obradoiro: Redes Sociais e Comunicaci\u00f3n na Igrexa: Oportunidades, l\u00edmites e boas pr\u00e1cticas Como comunica a [&hellip;]<\/p>\n\t\t\t\t\t\t\t\t\n\t<a href=\"https:\/\/conselloevanxelico.org\/gl\/taller-redes-sociales-y-comunicacion-en-la-iglesia\/\" class=\"more-link\">Ler m\u00e1is<\/a>\n\n\t\t\t\t\t\t\t<\/div><!-- .entry-content -->\r\n\t\t\t\t\t\t\t\r\n\t\t\t\t\t\t\r\n\t\t\t\t\t\t<\/article>\r\n\t\t\r\n\t\t\t\t\t\t\t\t\r\n\t\t\t\t\t\t<article id=\"post-7425\" class=\"large-post post-7425 post type-post status-publish format-standard has-post-thumbnail hentry category-eventos category-noticias\">\r\n\t\t\t\t\t\t\r\n\t\t\t\t\t\t\t<header class=\"entry-header\">\r\n\t\t\t\r\n\t\t\t\t\t\t\t\t<a href=\"https:\/\/conselloevanxelico.org\/gl\/concierto-gospel-por-el-150o-aniversario-de-la-presencia-evangelica-en-galicia\/\" rel=\"bookmark\"><img decoding=\"async\" src=\"https:\/\/conselloevanxelico.org\/wp-content\/uploads\/Portada-web-gospel-1-585x325.png\" class=\"attachment-merlin-category-posts-widget-large size-merlin-category-posts-widget-large wp-post-image\" alt=\"\" srcset=\"https:\/\/conselloevanxelico.org\/wp-content\/uploads\/Portada-web-gospel-1-585x325.png 585w, https:\/\/conselloevanxelico.org\/wp-content\/uploads\/Portada-web-gospel-1-135x75.png 135w, https:\/\/conselloevanxelico.org\/wp-content\/uploads\/Portada-web-gospel-1-270x150.png 270w, https:\/\/conselloevanxelico.org\/wp-content\/uploads\/Portada-web-gospel-1-450x250.png 450w\" sizes=\"(max-width: 585px) 100vw, 585px\" \/><\/a>\r\n\r\n\t\t\t\t\t\t\t\t<h2 class=\"entry-title\"><a href=\"https:\/\/conselloevanxelico.org\/gl\/concierto-gospel-por-el-150o-aniversario-de-la-presencia-evangelica-en-galicia\/\" rel=\"bookmark\">Concerto g\u00f3spel polo 150\u00ba aniversario da presenza evanx\u00e9lica en Galicia<\/a><\/h2>\t\t\t\t\t\t\t\r\n\t\t\t\t\t\t\t\t<div class=\"entry-meta\">\r\n\t\t\t\t\t\t\t\t\t\t\t\t\t\t\t\t\t<\/div><!-- .entry-meta -->\r\n\t\t\t\t\t\t\r\n\t\t\t\t\t\t\t<\/header><!-- .entry-header -->\r\n\r\n\t\t\t\t\t\t\t\t\t\t\t\t\t\r\n\t\t\t\t\t\t\t<div class=\"entry-content clearfix\">\r\n\t\t\t\t\t\t\t\t<p>O concerto g\u00f3spel en conmemoraci\u00f3n do 150\u00ba aniversario da presenza evanx\u00e9lica en Galicia, celebrado o [&hellip;]<\/p>\n\t\t\t\t\t\t\t\t\n\t<a href=\"https:\/\/conselloevanxelico.org\/gl\/concierto-gospel-por-el-150o-aniversario-de-la-presencia-evangelica-en-galicia\/\" class=\"more-link\">Ler m\u00e1is<\/a>\n\n\t\t\t\t\t\t\t<\/div><!-- .entry-content -->\r\n\t\t\t\t\t\t\t\r\n\t\t\t\t\t\t\r\n\t\t\t\t\t\t<\/article>\r\n\t\t\r\n\t\t\t\t\t\t\t\t\t<\/div>\r\n\t\t\t\t\t\t\t\t\t<div class=\"category-posts-grid-row large-post-row clearfix\">\r\n\t\t\t\t\t\t\t\t\r\n\t\t\t\t\t\t<article id=\"post-7334\" class=\"large-post post-7334 post type-post status-publish format-standard has-post-thumbnail hentry category-slider\">\r\n\t\t\t\t\t\t\r\n\t\t\t\t\t\t\t<header class=\"entry-header\">\r\n\t\t\t\r\n\t\t\t\t\t\t\t\t<a href=\"https:\/\/conselloevanxelico.org\/gl\/desayuno-institucional-en-el-dia-del-evangelio-fiesta-de-la-esperanza-en-galicia-2025\/\" rel=\"bookmark\"><img decoding=\"async\" src=\"https:\/\/conselloevanxelico.org\/wp-content\/uploads\/familia-3--585x325.jpg\" class=\"attachment-merlin-category-posts-widget-large size-merlin-category-posts-widget-large wp-post-image\" alt=\"\" srcset=\"https:\/\/conselloevanxelico.org\/wp-content\/uploads\/familia-3--585x325.jpg 585w, https:\/\/conselloevanxelico.org\/wp-content\/uploads\/familia-3--135x75.jpg 135w, https:\/\/conselloevanxelico.org\/wp-content\/uploads\/familia-3--270x150.jpg 270w, https:\/\/conselloevanxelico.org\/wp-content\/uploads\/familia-3--450x250.jpg 450w\" sizes=\"(max-width: 585px) 100vw, 585px\" \/><\/a>\r\n\r\n\t\t\t\t\t\t\t\t<h2 class=\"entry-title\"><a href=\"https:\/\/conselloevanxelico.org\/gl\/desayuno-institucional-en-el-dia-del-evangelio-fiesta-de-la-esperanza-en-galicia-2025\/\" rel=\"bookmark\">Almorzo institucional no D\u00eda do Evanxeo, Festa da Esperanza en Galicia 2025<\/a><\/h2>\t\t\t\t\t\t\t\r\n\t\t\t\t\t\t\t\t<div class=\"entry-meta\">\r\n\t\t\t\t\t\t\t\t\t\t\t\t\t\t\t\t\t<\/div><!-- .entry-meta -->\r\n\t\t\t\t\t\t\r\n\t\t\t\t\t\t\t<\/header><!-- .entry-header -->\r\n\r\n\t\t\t\t\t\t\t\t\t\t\t\t\t\r\n\t\t\t\t\t\t\t<div class=\"entry-content clearfix\">\r\n\t\t\t\t\t\t\t\t<p>No D\u00eda do Evanxeo, Festa da Esperanza,\u00a0 celebr\u00e1ronse varios eventos\u00a0 en Galicia, un almorzo institucional [&hellip;]<\/p>\n\t\t\t\t\t\t\t\t\n\t<a href=\"https:\/\/conselloevanxelico.org\/gl\/desayuno-institucional-en-el-dia-del-evangelio-fiesta-de-la-esperanza-en-galicia-2025\/\" class=\"more-link\">Ler m\u00e1is<\/a>\n\n\t\t\t\t\t\t\t<\/div><!-- .entry-content -->\r\n\t\t\t\t\t\t\t\r\n\t\t\t\t\t\t\r\n\t\t\t\t\t\t<\/article>\r\n\t\t\r\n\t\t\t\t\t\t\t\t\r\n\t\t\t\t\t\t<article id=\"post-7185\" class=\"large-post post-7185 post type-post status-publish format-standard has-post-thumbnail hentry category-eventos-consello category-noticias\">\r\n\t\t\t\t\t\t\r\n\t\t\t\t\t\t\t<header class=\"entry-header\">\r\n\t\t\t\r\n\t\t\t\t\t\t\t\t<a href=\"https:\/\/conselloevanxelico.org\/gl\/renovacion-de-cargos-en-la-asamblea-del-consejo-evangelico-de-galicia\/\" rel=\"bookmark\"><img decoding=\"async\" src=\"https:\/\/conselloevanxelico.org\/wp-content\/uploads\/1-Foto-Asemblea-marzo-2025-Ramallosa-portada-585x325.jpeg\" class=\"attachment-merlin-category-posts-widget-large size-merlin-category-posts-widget-large wp-post-image\" alt=\"\" srcset=\"https:\/\/conselloevanxelico.org\/wp-content\/uploads\/1-Foto-Asemblea-marzo-2025-Ramallosa-portada-585x325.jpeg 585w, https:\/\/conselloevanxelico.org\/wp-content\/uploads\/1-Foto-Asemblea-marzo-2025-Ramallosa-portada-135x75.jpeg 135w, https:\/\/conselloevanxelico.org\/wp-content\/uploads\/1-Foto-Asemblea-marzo-2025-Ramallosa-portada-270x150.jpeg 270w, https:\/\/conselloevanxelico.org\/wp-content\/uploads\/1-Foto-Asemblea-marzo-2025-Ramallosa-portada-450x250.jpeg 450w\" sizes=\"(max-width: 585px) 100vw, 585px\" \/><\/a>\r\n\r\n\t\t\t\t\t\t\t\t<h2 class=\"entry-title\"><a href=\"https:\/\/conselloevanxelico.org\/gl\/renovacion-de-cargos-en-la-asamblea-del-consejo-evangelico-de-galicia\/\" rel=\"bookmark\">Renovaci\u00f3n de cargos na Asemblea do Consello Evanx\u00e9lico de Galicia<\/a><\/h2>\t\t\t\t\t\t\t\r\n\t\t\t\t\t\t\t\t<div class=\"entry-meta\">\r\n\t\t\t\t\t\t\t\t\t\t\t\t\t\t\t\t\t<\/div><!-- .entry-meta -->\r\n\t\t\t\t\t\t\r\n\t\t\t\t\t\t\t<\/header><!-- .entry-header -->\r\n\r\n\t\t\t\t\t\t\t\t\t\t\t\t\t\r\n\t\t\t\t\t\t\t<div class=\"entry-content clearfix\">\r\n\t\t\t\t\t\t\t\t<p>O Consello Evanx\u00e9lico de Galicia (CEG) celebrou a reuni\u00f3n de Asemblea Anual este ano, no [&hellip;]<\/p>\n\t\t\t\t\t\t\t\t\n\t<a href=\"https:\/\/conselloevanxelico.org\/gl\/renovacion-de-cargos-en-la-asamblea-del-consejo-evangelico-de-galicia\/\" class=\"more-link\">Ler m\u00e1is<\/a>\n\n\t\t\t\t\t\t\t<\/div><!-- .entry-content -->\r\n\t\t\t\t\t\t\t\r\n\t\t\t\t\t\t\r\n\t\t\t\t\t\t<\/article>\r\n\t\t\r\n\t\t\t\t\t\t\t\t\t<\/div>\r\n\t\t\t\t\t\t\t\t\t<div class=\"category-posts-grid-row large-post-row clearfix\">\r\n\t\t\t\t\t\t\t\t\r\n\t\t\t\t\t\t<article id=\"post-3198\" class=\"large-post post-3198 post type-post status-publish format-standard has-post-thumbnail hentry category-slider tag-convenio-xunta-sergas-ceg\">\r\n\t\t\t\t\t\t\r\n\t\t\t\t\t\t\t<header class=\"entry-header\">\r\n\t\t\t\r\n\t\t\t\t\t\t\t\t<a href=\"https:\/\/conselloevanxelico.org\/gl\/firmado-un-acuerdo-de-asistencia-religiosa-en-hospitales-entre-el-ceg-y-la-xunta-de-galicia\/\" rel=\"bookmark\"><img decoding=\"async\" src=\"https:\/\/conselloevanxelico.org\/wp-content\/uploads\/Foto-1.1-firma-convenio-asistencia-hospitales-CEG-Xunta-08112022.pdf-585x325.png\" class=\"attachment-merlin-category-posts-widget-large size-merlin-category-posts-widget-large wp-post-image\" alt=\"\" srcset=\"https:\/\/conselloevanxelico.org\/wp-content\/uploads\/Foto-1.1-firma-convenio-asistencia-hospitales-CEG-Xunta-08112022.pdf-585x325.png 585w, https:\/\/conselloevanxelico.org\/wp-content\/uploads\/Foto-1.1-firma-convenio-asistencia-hospitales-CEG-Xunta-08112022.pdf-135x75.png 135w, https:\/\/conselloevanxelico.org\/wp-content\/uploads\/Foto-1.1-firma-convenio-asistencia-hospitales-CEG-Xunta-08112022.pdf-270x150.png 270w, https:\/\/conselloevanxelico.org\/wp-content\/uploads\/Foto-1.1-firma-convenio-asistencia-hospitales-CEG-Xunta-08112022.pdf-450x250.png 450w\" sizes=\"(max-width: 585px) 100vw, 585px\" \/><\/a>\r\n\r\n\t\t\t\t\t\t\t\t<h2 class=\"entry-title\"><a href=\"https:\/\/conselloevanxelico.org\/gl\/firmado-un-acuerdo-de-asistencia-religiosa-en-hospitales-entre-el-ceg-y-la-xunta-de-galicia\/\" rel=\"bookmark\">Asinado un acordo de asistencia relixiosa en hospitais entre o CEG e a Xunta de Galicia<\/a><\/h2>\t\t\t\t\t\t\t\r\n\t\t\t\t\t\t\t\t<div class=\"entry-meta\">\r\n\t\t\t\t\t\t\t\t\t\t\t\t\t\t\t\t\t<\/div><!-- .entry-meta -->\r\n\t\t\t\t\t\t\r\n\t\t\t\t\t\t\t<\/header><!-- .entry-header -->\r\n\r\n\t\t\t\t\t\t\t\t\t\t\t\t\t\r\n\t\t\t\t\t\t\t<div class=\"entry-content clearfix\">\r\n\t\t\t\t\t\t\t\t<p>O Consello Evanx\u00e9lico de Galicia (CEG) e a Xunta de Galicia asinaron, este m\u00e9rcores, 8 [&hellip;]<\/p>\n\t\t\t\t\t\t\t\t\n\t<a href=\"https:\/\/conselloevanxelico.org\/gl\/firmado-un-acuerdo-de-asistencia-religiosa-en-hospitales-entre-el-ceg-y-la-xunta-de-galicia\/\" class=\"more-link\">Ler m\u00e1is<\/a>\n\n\t\t\t\t\t\t\t<\/div><!-- .entry-content -->\r\n\t\t\t\t\t\t\t\r\n\t\t\t\t\t\t\r\n\t\t\t\t\t\t<\/article>\r\n\t\t\r\n\t\t\t\t\t\t\t\t\r\n\t\t\t\t\t\t<article id=\"post-2271\" class=\"large-post post-2271 post type-post status-publish format-standard has-post-thumbnail hentry category-eventos category-eventos-consello category-noticias\">\r\n\t\t\t\t\t\t\r\n\t\t\t\t\t\t\t<header class=\"entry-header\">\r\n\t\t\t\r\n\t\t\t\t\t\t\t\t<a href=\"https:\/\/conselloevanxelico.org\/gl\/ii-jornada-de-comunicacion-y-protocolo-en-a-coruna-el-28-de-septiembre\/\" rel=\"bookmark\"><img decoding=\"async\" src=\"https:\/\/conselloevanxelico.org\/wp-content\/uploads\/Logo-Jornadas-585x325.png\" class=\"attachment-merlin-category-posts-widget-large size-merlin-category-posts-widget-large wp-post-image\" alt=\"\" srcset=\"https:\/\/conselloevanxelico.org\/wp-content\/uploads\/Logo-Jornadas-585x325.png 585w, https:\/\/conselloevanxelico.org\/wp-content\/uploads\/Logo-Jornadas-135x75.png 135w, https:\/\/conselloevanxelico.org\/wp-content\/uploads\/Logo-Jornadas-270x150.png 270w, https:\/\/conselloevanxelico.org\/wp-content\/uploads\/Logo-Jornadas-450x250.png 450w\" sizes=\"(max-width: 585px) 100vw, 585px\" \/><\/a>\r\n\r\n\t\t\t\t\t\t\t\t<h2 class=\"entry-title\"><a href=\"https:\/\/conselloevanxelico.org\/gl\/ii-jornada-de-comunicacion-y-protocolo-en-a-coruna-el-28-de-septiembre\/\" rel=\"bookmark\">II Xornada de Comunicaci\u00f3n e Protocolo na Coru\u00f1a o 28 de setembro<\/a><\/h2>\t\t\t\t\t\t\t\r\n\t\t\t\t\t\t\t\t<div class=\"entry-meta\">\r\n\t\t\t\t\t\t\t\t\t\t\t\t\t\t\t\t\t<\/div><!-- .entry-meta -->\r\n\t\t\t\t\t\t\r\n\t\t\t\t\t\t\t<\/header><!-- .entry-header -->\r\n\r\n\t\t\t\t\t\t\t\t\t\t\t\t\t\r\n\t\t\t\t\t\t\t<div class=\"entry-content clearfix\">\r\n\t\t\t\t\t\t\t\t<p>O\u00a0 Consello\u00a0 Evanx\u00e9lico de Galicia (CEG) organiza a II Xornada de Comunicaci\u00f3n e Protocolo dirixida [&hellip;]<\/p>\n\t\t\t\t\t\t\t\t\n\t<a href=\"https:\/\/conselloevanxelico.org\/gl\/ii-jornada-de-comunicacion-y-protocolo-en-a-coruna-el-28-de-septiembre\/\" class=\"more-link\">Ler m\u00e1is<\/a>\n\n\t\t\t\t\t\t\t<\/div><!-- .entry-content -->\r\n\t\t\t\t\t\t\t\r\n\t\t\t\t\t\t\r\n\t\t\t\t\t\t<\/article>\r\n\t\t\r\n\t\t\t\t\t\t\t\t\t<\/div>\r\n\t\t\t\t\t\t\t\t\r\n\t\t\t<\/div>\r\n\t\t\t\r\n\t\t<\/div>\r\n\t<\/div><\/div><\/div><\/div>","protected":false},"excerpt":{"rendered":"<p>Olimp\u00edadas Evanx\u00e9licas \u2013 Galicia 2016 La Agrupaci\u00f3n Evang\u00e9lica de deportes organiza la 17\u00aa Olimpiada Gallega, una vez m\u00e1s en la [\u2026] Leer m\u00e1s Espa\u00f1a Oramos [&hellip;]<\/p>\n","protected":false},"author":6,"featured_media":0,"parent":0,"menu_order":0,"comment_status":"closed","ping_status":"closed","template":"","meta":{"footnotes":""},"class_list":["post-43","page","type-page","status-publish","hentry"],"_links":{"self":[{"href":"https:\/\/conselloevanxelico.org\/gl\/wp-json\/wp\/v2\/pages\/43","targetHints":{"allow":["GET"]}}],"collection":[{"href":"https:\/\/conselloevanxelico.org\/gl\/wp-json\/wp\/v2\/pages"}],"about":[{"href":"https:\/\/conselloevanxelico.org\/gl\/wp-json\/wp\/v2\/types\/page"}],"author":[{"embeddable":true,"href":"https:\/\/conselloevanxelico.org\/gl\/wp-json\/wp\/v2\/users\/6"}],"replies":[{"embeddable":true,"href":"https:\/\/conselloevanxelico.org\/gl\/wp-json\/wp\/v2\/comments?post=43"}],"version-history":[{"count":0,"href":"https:\/\/conselloevanxelico.org\/gl\/wp-json\/wp\/v2\/pages\/43\/revisions"}],"wp:attachment":[{"href":"https:\/\/conselloevanxelico.org\/gl\/wp-json\/wp\/v2\/media?parent=43"}],"curies":[{"name":"wp","href":"https:\/\/api.w.org\/{rel}","templated":true}]}}