{"id":3170,"date":"2022-03-17T19:32:48","date_gmt":"2022-03-17T18:32:48","guid":{"rendered":"https:\/\/conselloevanxelico.org\/?page_id=3170"},"modified":"2022-03-17T19:32:48","modified_gmt":"2022-03-17T18:32:48","slug":"politica-de-cookies","status":"publish","type":"page","link":"https:\/\/conselloevanxelico.org\/gl\/politica-de-cookies\/","title":{"rendered":"Pol\u00edtica de cookies"},"content":{"rendered":"<p><\/p>\n<h1 style=\"text-align: justify;\">Pol\u00edtica de uso de Cookies<\/h1>\n<p style=\"text-align: justify;\">Inform\u00e1moslle, en cumprimento da normativa vixente, que este sitio web utiliza cookies propias e de terceiros. Unha cookie \u00e9 un ficheiro que se descarga no dispositivo do usuario cando se accede \u00e1 p\u00e1xina web, coa finalidade de almacenar e recuperar informaci\u00f3n sobre a navegaci\u00f3n que se realiza co dispositivo.<\/p>\n<p>A nosa p\u00e1xina web utiliza as seguintes cookies:<\/p>\n<p>Cookies propias: son enviadas ao seu equipo e xestionadas exclusivamente polo CEG que s\u00f3 obt\u00e9n e conserva a informaci\u00f3n relativa aos datos de sesi\u00f3n e idioma. Estas cookies son necesarias para o correcto funcionamento e visualizaci\u00f3n da p\u00e1xina por parte do usuario.<\/p>\n<p>Cookies de terceiros: a p\u00e1xina usa as cookies da ferramenta Google Analytics, que realiza unha medici\u00f3n e an\u00e1lise estat\u00edstico da navegaci\u00f3n dos usuarios na web, co fin de mellorar os servizos que ofrece a p\u00e1xina. A informaci\u00f3n que xera a cookie \u00e9 directamente transmitida e arquivada por Google.<\/p>\n<p>Para garantir o anonimato, Google converte a s\u00faa informaci\u00f3n en an\u00f3nima truncando a direcci\u00f3n IP antes de almacenala. Tampouco asocia a s\u00faa direcci\u00f3n IP truncada a ning\u00fan outro dato conservado por Google, nin pode enviar a informaci\u00f3n recollida por Google Analytics a terceiros salvo cando estea legalmente obrigado a facelo, conforme \u00e1s condici\u00f3ns de prestaci\u00f3n do servizo de Google Analytics.<\/p>\n<p><span style=\"font-weight: 400;\">Se vostede desexa denegar o permiso para o tratamento estat\u00edstico dos datos ou da informaci\u00f3n con Google Analytics, clique <\/span><a href=\"https:\/\/tools.google.com\/dlpage\/gaoptout?hl=es\"><span style=\"font-weight: 400;\">aqu\u00ed<\/span><\/a><span style=\"font-weight: 400;\">.<\/span><\/p>\n<h2 style=\"text-align: justify;\">Desactivaci\u00f3n de cookies a trav\u00e9s do navegador<\/h2>\n<p>Pode vostede permitir, bloquear ou eliminar as cookies instaladas no seu equipo mediante a configuraci\u00f3n das opci\u00f3ns do navegador instalado no seu computador. Por favor, lea atentamente a secci\u00f3n de axuda do seu navegador para co\u00f1ecer m\u00e1is acerca de como activar o \u201cmodo privado\u201d ou desbloquear determinadas cookies.<\/p>\n<ul>\n<li style=\"font-weight: 400;\" aria-level=\"1\"><b>Internet Explorer:<\/b><\/li>\n<\/ul>\n<p><span style=\"font-weight: 400;\">Puede consultar o <\/span><a href=\"https:\/\/support.microsoft.com\/es-es\/help\/17442\/windows-internet-explorer-delete-manage-cookies\"><span style=\"font-weight: 400;\">soporte de Microsoft<\/span><\/a><span style=\"font-weight: 400;\"> ou a Axuda do navegador.<\/span><\/p>\n<ul>\n<li style=\"font-weight: 400;\" aria-level=\"1\"><b>Firefox:<\/b><\/li>\n<\/ul>\n<p><span style=\"font-weight: 400;\">Puede consultar o <\/span><a href=\"https:\/\/support.mozilla.org\/es\/kb\/habilitar-y-deshabilitar-cookies-sitios-web-rastrear-preferencias\"><span style=\"font-weight: 400;\">soporte de Mozilla<\/span><\/a><span style=\"font-weight: 400;\"> ou a Axuda do navegador.<\/span><\/p>\n<ul>\n<li style=\"font-weight: 400;\" aria-level=\"1\"><b>Chrome:<\/b><\/li>\n<\/ul>\n<p><span style=\"font-weight: 400;\">Puede consultar o <\/span><a href=\"https:\/\/support.google.com\/chrome\/answer\/95647?co=GENIE.Platform%3DDesktop&amp;amp;hl=es\"><span style=\"font-weight: 400;\">soporte de Google<\/span><\/a><span style=\"font-weight: 400;\"> ou a Axuda do navegador.<\/span><\/p>\n<p>Consello Evanx\u00e9lico de Galicia non asume ningunha responsabilidade por problemas legais ou t\u00e9cnicos causados polo incumprimento por parte do Usuario das recomendaci\u00f3ns inclu\u00eddas. Esta comunicaci\u00f3n real\u00edzase para o co\u00f1ecemento e uso dos usuarios, por conseguinte, non debe utilizarse para ningunha outra finalidade.<\/p>\n<h2 style=\"text-align: justify;\">Actualizaci\u00f3ns e cambios na Pol\u00edtica de Cookies.<\/h2>\n<p style=\"text-align: justify;\">Consello Evanx\u00e9lico de Galicia poder\u00e1 modificar esta Pol\u00edtica de Cookies en funci\u00f3n de esixencias lexislativas, regulamentarias, ou coa finalidade de adaptar @dicha pol\u00edtica \u00e1s instruci\u00f3ns ditadas pola Axencia Espa\u00f1ola de Protecci\u00f3n de Datos, por iso acons\u00e9llase aos Usuarios que a visiten periodicamente.<\/p>\n<p><\/p>","protected":false},"excerpt":{"rendered":"<p>Pol\u00edtica de uso de Cookies Inform\u00e1moslle, en cumprimento da normativa vixente, que este sitio web utiliza cookies propias e de terceiros. Unha cookie \u00e9 un [&hellip;]<\/p>\n","protected":false},"author":7,"featured_media":0,"parent":0,"menu_order":0,"comment_status":"closed","ping_status":"closed","template":"","meta":{"footnotes":""},"class_list":["post-3170","page","type-page","status-publish","hentry"],"_links":{"self":[{"href":"https:\/\/conselloevanxelico.org\/gl\/wp-json\/wp\/v2\/pages\/3170","targetHints":{"allow":["GET"]}}],"collection":[{"href":"https:\/\/conselloevanxelico.org\/gl\/wp-json\/wp\/v2\/pages"}],"about":[{"href":"https:\/\/conselloevanxelico.org\/gl\/wp-json\/wp\/v2\/types\/page"}],"author":[{"embeddable":true,"href":"https:\/\/conselloevanxelico.org\/gl\/wp-json\/wp\/v2\/users\/7"}],"replies":[{"embeddable":true,"href":"https:\/\/conselloevanxelico.org\/gl\/wp-json\/wp\/v2\/comments?post=3170"}],"version-history":[{"count":0,"href":"https:\/\/conselloevanxelico.org\/gl\/wp-json\/wp\/v2\/pages\/3170\/revisions"}],"wp:attachment":[{"href":"https:\/\/conselloevanxelico.org\/gl\/wp-json\/wp\/v2\/media?parent=3170"}],"curies":[{"name":"wp","href":"https:\/\/api.w.org\/{rel}","templated":true}]}}