{"id":300,"date":"2016-05-19T17:17:58","date_gmt":"2016-05-19T15:17:58","guid":{"rendered":"http:\/\/conselloevanxelico.org\/wp\/?page_id=300"},"modified":"2016-06-17T11:52:23","modified_gmt":"2016-06-17T09:52:23","slug":"historia-del-ceg","status":"publish","type":"page","link":"https:\/\/conselloevanxelico.org\/gl\/nosotros\/historia-del-ceg\/","title":{"rendered":"Historia do CEG"},"content":{"rendered":"<p><\/p>\n<p style=\"text-align: justify;\">O Consello Evanx\u00e9lico de Galicia (CEG) \u00e9 unha entidade relixiosa de confesi\u00f3n Evanx\u00e9lica ou\u00a0Protestante. O Consello Evanx\u00e9lico de Galicia \u00e9 o representante das igrexas evanx\u00e9licas de\u00a0Galicia ante o goberno e desde o ano 1997 traballa para facilitar o desenvolvemento de acordos de\u00a0cooperaci\u00f3n a nivel auton\u00f3mico e servir de instrumento aglutinador dos recursos e esforzos\u00a0das igrexas e instituci\u00f3ns evanx\u00e9licas.<\/p>\n<p style=\"text-align: justify;\">Conscientes do desco\u00f1ecemento social e dos restos de \u201cdemonizaci\u00f3ns\u201d do pasado que\u00a0afectaron \u00e1 nosa imaxe p\u00fablica, o CEG iniciou unha campa\u00f1a de presentaci\u00f3n a moitas\u00a0organizaci\u00f3ns, as\u00ed como a entidades p\u00fablicas e privadas.<\/p>\n<p style=\"text-align: justify;\">Por raz\u00f3ns hist\u00f3ricas, sobradamente co\u00f1ecidas, en Espa\u00f1a a reforma relixiosa que cambiou Europa no\u00a0s\u00e9culo XVI, foi sofocada.\u00a0Varios s\u00e9culos despois fixo a s\u00faa entrada neste pa\u00eds e a\u00ednda as\u00ed foron\u00a0moitas as trabas. Foi xa no s\u00e9culo XX, a mediados da d\u00e9cada dos setenta, nos primeiros pasos\u00a0da democracia moderna espa\u00f1ola, cando comezou un tempo de normalidade en canto \u00e1\u00a0liberdade relixiosa.<\/p>\n<p style=\"text-align: justify;\">O primeiro paso deuse en 1980 ao asinarse a Lei de Liberdade Relixiosa que dar\u00eda lugar \u00e1 firma\u00a0entre o estado espa\u00f1ol e a Federaci\u00f3n de Entidades Relixiosas Evanx\u00e9licas de Espa\u00f1a, (FEREDE\u00a0\u00f3rgano representante das igrexas evanx\u00e9lica ou protestantes a nivel nacional), da Lei 24\/1992\u00a0do 10 de Novembro (B.Ou.E. 12 de Novembro), de \u201cAcordos de Cooperaci\u00f3n entre a\u00a0Federaci\u00f3n de Entidades Relixiosas Evanx\u00e9licas de Espa\u00f1a (F.E.R.E.D.E) e o estado Espa\u00f1ol\u201d.<\/p>\n<p style=\"text-align: justify;\">Desde a publicaci\u00f3n da precitada norma e como consecuencia da organizaci\u00f3n do territorio\u00a0espa\u00f1ol e a vertebraci\u00f3n dos poderes p\u00fablicos, iniciouse un proceso de constituci\u00f3n de Consellos\u00a0Evanx\u00e9licos Auton\u00f3micos que agrupasen \u00e1s igrexas da FEREDE das distintas comunidades\u00a0auton\u00f3micas para materializar o esp\u00edrito de colaboraci\u00f3n cos poderes p\u00fablicos no que\u00a0incumbe a competencias auton\u00f3micas.<\/p>\n<p style=\"text-align: justify;\">Foi as\u00ed que naceu, no ano 1997 o Consello Evanx\u00e9lico de Galicia que para a realizaci\u00f3n das s\u00faas\u00a0funci\u00f3ns asinar\u00eda un convenio marco coa Xunta de Galicia no ano 2000 (Convenio Marco d\u00e1\u00a0Xunta de Galicia &#8211; Consello Evanx\u00e9lico. Diario Oficial de Galicia n\u00ba 77 do 19 Abril 2.000).<\/p>\n<p style=\"text-align: justify;\"><img loading=\"lazy\" decoding=\"async\" class=\"wp-image-567 alignleft\" src=\"http:\/\/conselloevanxelico.org\/wp\/wp-content\/uploads\/2016\/05\/Historia-do-CEG-foto-300x157.jpg\" alt=\"Historia do CEG foto\" width=\"262\" height=\"137\" srcset=\"https:\/\/conselloevanxelico.org\/wp-content\/uploads\/2016\/05\/Historia-do-CEG-foto-300x157.jpg 300w, https:\/\/conselloevanxelico.org\/wp-content\/uploads\/2016\/05\/Historia-do-CEG-foto.jpg 585w\" sizes=\"auto, (max-width: 262px) 100vw, 262px\" \/>A pesar destes avances a\u00ednda \u00e9 moito o cami\u00f1o para percorrer para alcanzar unha\u00a0normalidade en canto \u00e1 pluralidade relixiosa do noso pa\u00eds.<\/p>\n<p style=\"text-align: justify;\">Desde o Consello pret\u00e9ndese non s\u00f3 dar a co\u00f1ecer o traballo que este realiza sen\u00f3n tam\u00e9n\u00a0establecer v\u00edas de comunicaci\u00f3n con entidades que procuren intereses com\u00fans, po\u00f1endo \u00e1 s\u00faa\u00a0disposici\u00f3n os recursos que dispo\u00f1emos, tanto t\u00e9cnicos como humanos.<\/p>\n<p style=\"text-align: justify;\">Especial interese ofrece a experiencia e labor social realizada polas diversas comunidades\u00a0evanx\u00e9licas na nosa comunidade aut\u00f3noma, e as\u00ed o testemu\u00f1a o feito de que na actualidade,\u00a0entre outros servizos, disponse de varios centros de d\u00eda concertados coa Xunta de Galicia,\u00a0(centros de bebes, de menores, de menores en conflito social, casa de acollida, centro de d\u00eda\u00a0para a terceira idade&#8230;) e a isto haber\u00eda que engadir varios centros de rehabilitaci\u00f3n, de axuda\u00a0ao marxinado e casas de acollida de Inmigrantes.<\/p>\n<p style=\"text-align: justify;\">Dende o Consello Evanx\u00e9lico de Galicia desexamos que esta breve rese\u00f1a fose do seu interese.<\/p>\n<p><\/p>","protected":false},"excerpt":{"rendered":"<p>O Consello Evanx\u00e9lico de Galicia (CEG) \u00e9 unha entidade relixiosa de confesi\u00f3n Evanx\u00e9lica ou\u00a0Protestante. O Consello Evanx\u00e9lico de Galicia \u00e9 o representante das igrexas evanx\u00e9licas [&hellip;]<\/p>\n","protected":false},"author":6,"featured_media":0,"parent":286,"menu_order":3,"comment_status":"closed","ping_status":"closed","template":"","meta":{"footnotes":""},"class_list":["post-300","page","type-page","status-publish","hentry"],"_links":{"self":[{"href":"https:\/\/conselloevanxelico.org\/gl\/wp-json\/wp\/v2\/pages\/300","targetHints":{"allow":["GET"]}}],"collection":[{"href":"https:\/\/conselloevanxelico.org\/gl\/wp-json\/wp\/v2\/pages"}],"about":[{"href":"https:\/\/conselloevanxelico.org\/gl\/wp-json\/wp\/v2\/types\/page"}],"author":[{"embeddable":true,"href":"https:\/\/conselloevanxelico.org\/gl\/wp-json\/wp\/v2\/users\/6"}],"replies":[{"embeddable":true,"href":"https:\/\/conselloevanxelico.org\/gl\/wp-json\/wp\/v2\/comments?post=300"}],"version-history":[{"count":0,"href":"https:\/\/conselloevanxelico.org\/gl\/wp-json\/wp\/v2\/pages\/300\/revisions"}],"up":[{"embeddable":true,"href":"https:\/\/conselloevanxelico.org\/gl\/wp-json\/wp\/v2\/pages\/286"}],"wp:attachment":[{"href":"https:\/\/conselloevanxelico.org\/gl\/wp-json\/wp\/v2\/media?parent=300"}],"curies":[{"name":"wp","href":"https:\/\/api.w.org\/{rel}","templated":true}]}}