{"id":296,"date":"2016-05-19T17:14:18","date_gmt":"2016-05-19T15:14:18","guid":{"rendered":"http:\/\/conselloevanxelico.org\/wp\/?page_id=296"},"modified":"2016-06-17T11:08:03","modified_gmt":"2016-06-17T09:08:03","slug":"que-creemos","status":"publish","type":"page","link":"https:\/\/conselloevanxelico.org\/gl\/nosotros\/que-creemos\/","title":{"rendered":"Que cremos"},"content":{"rendered":"<p><span style=\"font-weight: 400;\">Esta \u00e9 a base doutrinal aceptada por todos os membros do Consello Evanx\u00e9lico de Galicia; se vostede desexa m\u00e1is informaci\u00f3n de calquera dos puntos seguintes pode po\u00f1erse en contacto con n\u00f3s e gustosamente atenderemos e resolveremos as s\u00faas dubidas ou preguntas.<\/span><\/p>\n<p><span style=\"font-weight: 400;\">Base Doutrinal do Consello Evanx\u00e9lico de Galicia. \u00a0\u00a0<img loading=\"lazy\" decoding=\"async\" class=\"wp-image-564 alignleft\" src=\"http:\/\/conselloevanxelico.org\/wp\/wp-content\/uploads\/2016\/05\/biblia1.jpg\" alt=\"biblia1\" width=\"179\" height=\"107\" srcset=\"https:\/\/conselloevanxelico.org\/wp-content\/uploads\/2016\/05\/biblia1.jpg 1920w, https:\/\/conselloevanxelico.org\/wp-content\/uploads\/2016\/05\/biblia1-300x178.jpg 300w, https:\/\/conselloevanxelico.org\/wp-content\/uploads\/2016\/05\/biblia1-768x455.jpg 768w, https:\/\/conselloevanxelico.org\/wp-content\/uploads\/2016\/05\/biblia1-1024x607.jpg 1024w\" sizes=\"auto, (max-width: 179px) 100vw, 179px\" \/><\/span><\/p>\n<ul>\n<li><span style=\"font-weight: 400;\"> \u00a0\u00a0\u00a0\u00a0\u00a0\u00a0\u00a0\u00a0<\/span><span style=\"font-weight: 400;\">A soberan\u00eda e a Graza de Deus o Pai, Deus o Fillo e Deus o Esp\u00edrito Santo na creaci\u00f3n, a providencia, a revelaci\u00f3n e o xu\u00edzo final.<\/span><\/li>\n<li><span style=\"font-weight: 400;\"> \u00a0\u00a0\u00a0\u00a0\u00a0\u00a0\u00a0\u00a0<\/span><span style=\"font-weight: 400;\">A Divina inspiraci\u00f3n das Sagradas Escrituras e, polo tanto, a s\u00faa credibilidade total e a s\u00faa suprema autoridade en todo o referente \u00e1 fe e \u00e1 conduta.<\/span><\/li>\n<li><span style=\"font-weight: 400;\"> \u00a0\u00a0\u00a0\u00a0\u00a0\u00a0\u00a0\u00a0<\/span><span style=\"font-weight: 400;\">A pecaminosidade universal e a culpabilidade do home afastado de Deus que conleva a condenaci\u00f3n.<\/span><\/li>\n<li><span style=\"font-weight: 400;\"> \u00a0\u00a0\u00a0\u00a0\u00a0\u00a0\u00a0\u00a0<\/span><span style=\"font-weight: 400;\">O sacrificio vicario do Fillo de Deus encarnado, \u00fanico fundamento suficiente de redenci\u00f3n da culpabilidade e do poder do pecado, as\u00ed como das s\u00faas consecuencias eternas.<\/span><\/li>\n<li><span style=\"font-weight: 400;\"> \u00a0\u00a0\u00a0\u00a0\u00a0\u00a0\u00a0\u00a0<\/span><span style=\"font-weight: 400;\">A Xustificaci\u00f3n do pecador s\u00f3mente pola Graza de Deus, por medio da fe en Cristo crucificado e resucitado dos mortos.<\/span><\/li>\n<li><span style=\"font-weight: 400;\"> \u00a0\u00a0\u00a0\u00a0\u00a0\u00a0\u00a0\u00a0<\/span><span style=\"font-weight: 400;\">A obra de Deus o Esp\u00edrito Santo que aluma, rexenera, mora no crente e \u00f3 santifica.<\/span><\/li>\n<li><span style=\"font-weight: 400;\"> \u00a0\u00a0\u00a0\u00a0\u00a0\u00a0\u00a0\u00a0<\/span><span style=\"font-weight: 400;\">O sacerdocio de todos os crentes, que na unidade do Esp\u00edrito Santo, constit\u00fae a Igrexa Universal, o corpo do cal Cristo \u00e9 a cabeza, comprometidos co mandamento do seu Se\u00f1or \u00e1 proclamaci\u00f3n do Evanxeo a todo o mundo.<\/span><\/li>\n<li><span style=\"font-weight: 400;\"> \u00a0\u00a0\u00a0\u00a0\u00a0\u00a0\u00a0\u00a0<\/span><span style=\"font-weight: 400;\">A esperanza do retorno vis\u00edbel do noso Se\u00f1or Xesucristo en poder e gloria, a resurrecci\u00f3n dos mortos e a consumaci\u00f3n do reino de Deus.\u00a0<\/span><\/li>\n<\/ul>\n<p><a href=\"https:\/\/drive.google.com\/file\/d\/0B7mcRoG0nDvGX0lfWmVzekMxUlk\/view?usp=sharing\" target=\"_blank\">Declaraci\u00f3n de Fe &#8211; M\u00e1is Informaci\u00f3n<\/a><\/p>","protected":false},"excerpt":{"rendered":"<p>Esta \u00e9 a base doutrinal aceptada por todos os membros do Consello Evanx\u00e9lico de Galicia; se vostede desexa m\u00e1is informaci\u00f3n de calquera dos puntos seguintes [&hellip;]<\/p>\n","protected":false},"author":6,"featured_media":0,"parent":286,"menu_order":2,"comment_status":"closed","ping_status":"closed","template":"","meta":{"footnotes":""},"class_list":["post-296","page","type-page","status-publish","hentry"],"_links":{"self":[{"href":"https:\/\/conselloevanxelico.org\/gl\/wp-json\/wp\/v2\/pages\/296","targetHints":{"allow":["GET"]}}],"collection":[{"href":"https:\/\/conselloevanxelico.org\/gl\/wp-json\/wp\/v2\/pages"}],"about":[{"href":"https:\/\/conselloevanxelico.org\/gl\/wp-json\/wp\/v2\/types\/page"}],"author":[{"embeddable":true,"href":"https:\/\/conselloevanxelico.org\/gl\/wp-json\/wp\/v2\/users\/6"}],"replies":[{"embeddable":true,"href":"https:\/\/conselloevanxelico.org\/gl\/wp-json\/wp\/v2\/comments?post=296"}],"version-history":[{"count":0,"href":"https:\/\/conselloevanxelico.org\/gl\/wp-json\/wp\/v2\/pages\/296\/revisions"}],"up":[{"embeddable":true,"href":"https:\/\/conselloevanxelico.org\/gl\/wp-json\/wp\/v2\/pages\/286"}],"wp:attachment":[{"href":"https:\/\/conselloevanxelico.org\/gl\/wp-json\/wp\/v2\/media?parent=296"}],"curies":[{"name":"wp","href":"https:\/\/api.w.org\/{rel}","templated":true}]}}