{"id":294,"date":"2016-05-19T17:13:03","date_gmt":"2016-05-19T15:13:03","guid":{"rendered":"http:\/\/conselloevanxelico.org\/wp\/?page_id=294"},"modified":"2025-09-05T23:15:26","modified_gmt":"2025-09-05T21:15:26","slug":"quienes-somos","status":"publish","type":"page","link":"https:\/\/conselloevanxelico.org\/gl\/nosotros\/quienes-somos\/","title":{"rendered":"Quen Somos"},"content":{"rendered":"<p><\/p>\n<p style=\"text-align: justify;\">O Consello Evanx\u00e9lico de Galicia \u00e9 a federaci\u00f3n de igrexas\u00a0que agrupa a maior cantidade de Igrexas Evanx\u00e9licas de Galicia. At\u00f3pase dentro da estrutura da Federaci\u00f3n de\u00a0 Entidades relixiosas evanx\u00e9licas de Espa\u00f1a\u00a0 (FEREDE), e a representa\u00a0 no\u00a0 eido\u00a0 da Comunidade Aut\u00f3noma de Galicia. Non somos unha Igrexa, sen\u00f3n unha entidade asociativa que acolle na s\u00faa membres\u00eda Igrexas de diferentes car\u00e1cteres e tendencias, pero cunhas bases com\u00fans de crenza e doutrina que nos definen como \u201cevanx\u00e9licos\u201d.<\/p>\n<p style=\"text-align: justify;\">\u00a0O Consello Evanx\u00e9lico de Galicia traballa polo ben com\u00fan de t\u00f3dalas Igrexas e crentes evanx\u00e9licos de Galicia.\u00a0En tanto que non somos unha igrexa, os nosos fins e obxectivos non son relixiosos exclusivamente. Promovemos e fomentamos a uni\u00f3n, a comunicaci\u00f3n, e a colaboraci\u00f3n das Igrexas e instituci\u00f3ns Evanx\u00e9licas, establecendo canles informativos precisos e plans de actuaci\u00f3n conxunta en asuntos que contrib\u00faan o desenvolvemento dos fins das entidades membros.<\/p>\n<p style=\"text-align: justify;\">Defendemos, en nome de todos, o dereito a liberdade relixiosa e de culto, as\u00ed como o dereito a liberdade de conciencia; tam\u00e9n traballamos en proxectos de alcance xeral que poidan beneficiar, visibilizar e representar aos evanx\u00e9licos da nosa terra.<\/p>\n<p style=\"text-align: justify;\">Somos os representantes reco\u00f1ecidos por parte\u00a0das Administraci\u00f3ns P\u00fablicas de Galicia; e como tales asinamos acordos e convenios coa Xunta de Galicia; acordos nos que estamos a traballar para a s\u00faa actualizaci\u00f3n e renovaci\u00f3n.<\/p>\n<p style=\"text-align: justify;\">Pero, por riba de todo o antes citado, somos cristi\u00e1ns, cristi\u00e1ns evanx\u00e9licos; e iso def\u00ednenos e difer\u00e9ncianos. A\u00ednda coas nosas diferenzas, hai unha \u201cbase doutrinal\u201d que t\u00f3dolos membros do Consello Evanx\u00e9lico de Galicia subscriben e respaldan; e que nos une a todos nun mesmo corpo, nun mesmo pobo.<\/p>\n<p style=\"text-align: justify;\">Tam\u00e9n somos Galegos, o que remata por nos definir dunha forma esencial, entendendo \u201cgalegos\u201d nun sentido amplo de xentes (non importa a s\u00faa procedencia) que viven e aman Galicia, traballan polo seu desenvolvemento e se senten vencellados a esta terra.<\/p>\n<p style=\"text-align: justify;\">En resumo, p\u00f3dese dicir que o Consello Evanx\u00e9lico de Galicia \u00e9 a entidade non eclesial que representa e defende aos evanx\u00e9licos galegos, traballando polo desenvolvemento desta terra dende unha \u00f3ptica cristi\u00e1 e evanx\u00e9lica. Se desexa saber m\u00e1is de n\u00f3s, quedamos \u00f3 seu dispor.<\/p>\n<p><\/p>","protected":false},"excerpt":{"rendered":"<p>O Consello Evanx\u00e9lico de Galicia \u00e9 a federaci\u00f3n de igrexas\u00a0que agrupa a maior cantidade de Igrexas Evanx\u00e9licas de Galicia. At\u00f3pase dentro da estrutura da Federaci\u00f3n [&hellip;]<\/p>\n","protected":false},"author":6,"featured_media":0,"parent":286,"menu_order":1,"comment_status":"closed","ping_status":"closed","template":"","meta":{"footnotes":""},"class_list":["post-294","page","type-page","status-publish","hentry"],"_links":{"self":[{"href":"https:\/\/conselloevanxelico.org\/gl\/wp-json\/wp\/v2\/pages\/294","targetHints":{"allow":["GET"]}}],"collection":[{"href":"https:\/\/conselloevanxelico.org\/gl\/wp-json\/wp\/v2\/pages"}],"about":[{"href":"https:\/\/conselloevanxelico.org\/gl\/wp-json\/wp\/v2\/types\/page"}],"author":[{"embeddable":true,"href":"https:\/\/conselloevanxelico.org\/gl\/wp-json\/wp\/v2\/users\/6"}],"replies":[{"embeddable":true,"href":"https:\/\/conselloevanxelico.org\/gl\/wp-json\/wp\/v2\/comments?post=294"}],"version-history":[{"count":0,"href":"https:\/\/conselloevanxelico.org\/gl\/wp-json\/wp\/v2\/pages\/294\/revisions"}],"up":[{"embeddable":true,"href":"https:\/\/conselloevanxelico.org\/gl\/wp-json\/wp\/v2\/pages\/286"}],"wp:attachment":[{"href":"https:\/\/conselloevanxelico.org\/gl\/wp-json\/wp\/v2\/media?parent=294"}],"curies":[{"name":"wp","href":"https:\/\/api.w.org\/{rel}","templated":true}]}}