{"id":274,"date":"2016-05-12T17:52:06","date_gmt":"2016-05-12T15:52:06","guid":{"rendered":"http:\/\/conselloevanxelico.org\/wp\/?page_id=274"},"modified":"2023-03-22T00:57:23","modified_gmt":"2023-03-21T23:57:23","slug":"medios","status":"publish","type":"page","link":"https:\/\/conselloevanxelico.org\/gl\/consejerias\/medios\/","title":{"rendered":"Medios de Comunicaci\u00f3n"},"content":{"rendered":"<p><\/p>\n<p style=\"text-align: justify;\"><span style=\"font-weight: 400;\">A Conseller\u00eda de Medios de Comunicaci\u00f3n do Consello Evanx\u00e9lico de Galicia (CEG) ten a funci\u00f3n de colaborar nos asuntos relacionados cos medios informativos, co fin de canalizar a informaci\u00f3n de modo que chegue sen terxiversaci\u00f3ns e as\u00ed fomentar o co\u00f1ecemento da realidade evanx\u00e9lica.<\/span><span style=\"font-weight: 400;\"><br \/>\n<\/span><\/p>\n<p style=\"text-align: justify;\"><span style=\"font-weight: 400;\">Entre os seus asuntos est\u00e1 a funci\u00f3n de informar aos medios de comunicaci\u00f3n sobre as actividades e acontecementos relevantes relacionados co CEG. Fomentar a creaci\u00f3n dos medios de comunicaci\u00f3n que se estimen oportunos para o desenvolvemento dos fins do CEG. Facilitar a comunicaci\u00f3n entre os evang\u00e9licos\/protestantes galegos, as s\u00faas igrexas, organizaci\u00f3ns e\/ou entidades. Apoiar na coordinaci\u00f3n de proxectos evanx\u00e9licos das igrexas do CEG na \u00e1rea da relaci\u00f3n cos medios de comunicaci\u00f3n. <\/span><\/p>\n<p style=\"text-align: justify;\">Conselleira<br \/>\n<strong>Encarna Crujeiras P\u00e9rez<\/strong><br \/>\n<a href=\"mailto:comunicacion@conselloevanxelico.org\">comunicacion@conselloevanxelico.org<\/a><\/p>\n<p><\/p>","protected":false},"excerpt":{"rendered":"<p>A Conseller\u00eda de Medios de Comunicaci\u00f3n do Consello Evanx\u00e9lico de Galicia (CEG) ten a funci\u00f3n de colaborar nos asuntos relacionados cos medios informativos, co fin [&hellip;]<\/p>\n","protected":false},"author":6,"featured_media":0,"parent":255,"menu_order":6,"comment_status":"closed","ping_status":"closed","template":"","meta":{"footnotes":""},"class_list":["post-274","page","type-page","status-publish","hentry"],"_links":{"self":[{"href":"https:\/\/conselloevanxelico.org\/gl\/wp-json\/wp\/v2\/pages\/274","targetHints":{"allow":["GET"]}}],"collection":[{"href":"https:\/\/conselloevanxelico.org\/gl\/wp-json\/wp\/v2\/pages"}],"about":[{"href":"https:\/\/conselloevanxelico.org\/gl\/wp-json\/wp\/v2\/types\/page"}],"author":[{"embeddable":true,"href":"https:\/\/conselloevanxelico.org\/gl\/wp-json\/wp\/v2\/users\/6"}],"replies":[{"embeddable":true,"href":"https:\/\/conselloevanxelico.org\/gl\/wp-json\/wp\/v2\/comments?post=274"}],"version-history":[{"count":0,"href":"https:\/\/conselloevanxelico.org\/gl\/wp-json\/wp\/v2\/pages\/274\/revisions"}],"up":[{"embeddable":true,"href":"https:\/\/conselloevanxelico.org\/gl\/wp-json\/wp\/v2\/pages\/255"}],"wp:attachment":[{"href":"https:\/\/conselloevanxelico.org\/gl\/wp-json\/wp\/v2\/media?parent=274"}],"curies":[{"name":"wp","href":"https:\/\/api.w.org\/{rel}","templated":true}]}}