{"id":272,"date":"2016-05-12T17:51:36","date_gmt":"2016-05-12T15:51:36","guid":{"rendered":"http:\/\/conselloevanxelico.org\/wp\/?page_id=272"},"modified":"2026-04-23T22:53:39","modified_gmt":"2026-04-23T20:53:39","slug":"diaconia","status":"publish","type":"page","link":"https:\/\/conselloevanxelico.org\/gl\/consejerias\/diaconia\/","title":{"rendered":"Diacon\u00eda"},"content":{"rendered":"<p><\/p>\n<p style=\"text-align: justify;\"><span style=\"font-weight: 400;\">Este departamento \u00e9 o encargado de favorecer, promover e coordinar a <strong>acci\u00f3n social<\/strong> das Igrexas en Instituci\u00f3ns evanx\u00e9licas\/protestantes vinculadas ao Consello Evanx\u00e9lico de Galicia. Ent\u00e9ndese por acci\u00f3n social as actividades tendentes ao exercicio da caridade cristi\u00e1 e \u00e1 atenci\u00f3n relixiosa, material e espiritual a todos os seres humanos procurando o seu desenvolvemento integral. Cooperar coa acci\u00f3n de <strong>Diacon\u00eda<\/strong> das Igrexas e organismos evanx\u00e9licos\/protestantes en Galicia e tam\u00e9n en Espa\u00f1a.<\/span><\/p>\n<p>Conselleira<\/p>\n<p><b>Vacante<br \/>\n<\/b>correo:<a href=\"mailto:\u00a0arepenitenciaria@conselloevanxelico.org\">\u00a0<\/a><\/p>\n<p style=\"text-align: justify;\">\u00a0<\/p>\n<p><\/p>","protected":false},"excerpt":{"rendered":"<p>Este departamento \u00e9 o encargado de favorecer, promover e coordinar a acci\u00f3n social das Igrexas en Instituci\u00f3ns evanx\u00e9licas\/protestantes vinculadas ao Consello Evanx\u00e9lico de Galicia. Ent\u00e9ndese [&hellip;]<\/p>\n","protected":false},"author":6,"featured_media":0,"parent":255,"menu_order":4,"comment_status":"closed","ping_status":"closed","template":"","meta":{"footnotes":""},"class_list":["post-272","page","type-page","status-publish","hentry"],"_links":{"self":[{"href":"https:\/\/conselloevanxelico.org\/gl\/wp-json\/wp\/v2\/pages\/272","targetHints":{"allow":["GET"]}}],"collection":[{"href":"https:\/\/conselloevanxelico.org\/gl\/wp-json\/wp\/v2\/pages"}],"about":[{"href":"https:\/\/conselloevanxelico.org\/gl\/wp-json\/wp\/v2\/types\/page"}],"author":[{"embeddable":true,"href":"https:\/\/conselloevanxelico.org\/gl\/wp-json\/wp\/v2\/users\/6"}],"replies":[{"embeddable":true,"href":"https:\/\/conselloevanxelico.org\/gl\/wp-json\/wp\/v2\/comments?post=272"}],"version-history":[{"count":0,"href":"https:\/\/conselloevanxelico.org\/gl\/wp-json\/wp\/v2\/pages\/272\/revisions"}],"up":[{"embeddable":true,"href":"https:\/\/conselloevanxelico.org\/gl\/wp-json\/wp\/v2\/pages\/255"}],"wp:attachment":[{"href":"https:\/\/conselloevanxelico.org\/gl\/wp-json\/wp\/v2\/media?parent=272"}],"curies":[{"name":"wp","href":"https:\/\/api.w.org\/{rel}","templated":true}]}}