{"id":270,"date":"2016-05-12T17:50:53","date_gmt":"2016-05-12T15:50:53","guid":{"rendered":"http:\/\/conselloevanxelico.org\/wp\/?page_id=270"},"modified":"2020-01-28T19:55:11","modified_gmt":"2020-01-28T18:55:11","slug":"juventud","status":"publish","type":"page","link":"https:\/\/conselloevanxelico.org\/gl\/consejerias\/juventud\/","title":{"rendered":"Xuventude"},"content":{"rendered":"<p><\/p>\n<p style=\"text-align: justify;\"><span style=\"font-weight: 400;\">A Conseller\u00eda de Mocidade do Consello Evanx\u00e9lico de Galicia enc\u00e1rgase de fomentar a presenza de mozas e mozos evanx\u00e9licos en actividades culturais, sociais, l\u00fadicas \u00a0e deportivas en encontros, coloquios e congresos. \u00a0As\u00ed como apoiar as asociaci\u00f3ns de mozas e mozos evanx\u00e9licos de Galicia nos seus proxectos.<\/span><\/p>\n<p>Conselleira<\/p>\n<p>(Vacante)<\/p>\n<p>\u00a0correo:<\/p>\n<p><\/p>","protected":false},"excerpt":{"rendered":"<p>A Conseller\u00eda de Mocidade do Consello Evanx\u00e9lico de Galicia enc\u00e1rgase de fomentar a presenza de mozas e mozos evanx\u00e9licos en actividades culturais, sociais, l\u00fadicas \u00a0e [&hellip;]<\/p>\n","protected":false},"author":6,"featured_media":0,"parent":255,"menu_order":3,"comment_status":"closed","ping_status":"closed","template":"","meta":{"footnotes":""},"class_list":["post-270","page","type-page","status-publish","hentry"],"_links":{"self":[{"href":"https:\/\/conselloevanxelico.org\/gl\/wp-json\/wp\/v2\/pages\/270","targetHints":{"allow":["GET"]}}],"collection":[{"href":"https:\/\/conselloevanxelico.org\/gl\/wp-json\/wp\/v2\/pages"}],"about":[{"href":"https:\/\/conselloevanxelico.org\/gl\/wp-json\/wp\/v2\/types\/page"}],"author":[{"embeddable":true,"href":"https:\/\/conselloevanxelico.org\/gl\/wp-json\/wp\/v2\/users\/6"}],"replies":[{"embeddable":true,"href":"https:\/\/conselloevanxelico.org\/gl\/wp-json\/wp\/v2\/comments?post=270"}],"version-history":[{"count":0,"href":"https:\/\/conselloevanxelico.org\/gl\/wp-json\/wp\/v2\/pages\/270\/revisions"}],"up":[{"embeddable":true,"href":"https:\/\/conselloevanxelico.org\/gl\/wp-json\/wp\/v2\/pages\/255"}],"wp:attachment":[{"href":"https:\/\/conselloevanxelico.org\/gl\/wp-json\/wp\/v2\/media?parent=270"}],"curies":[{"name":"wp","href":"https:\/\/api.w.org\/{rel}","templated":true}]}}