{"id":268,"date":"2016-05-12T17:50:24","date_gmt":"2016-05-12T15:50:24","guid":{"rendered":"http:\/\/conselloevanxelico.org\/wp\/?page_id=268"},"modified":"2020-01-28T19:57:55","modified_gmt":"2020-01-28T18:57:55","slug":"patrimonio","status":"publish","type":"page","link":"https:\/\/conselloevanxelico.org\/gl\/consejerias\/patrimonio\/","title":{"rendered":"Patrimonio"},"content":{"rendered":"<p><\/p>\n<p style=\"text-align: justify;\"><span style=\"font-weight: 400;\">A Conseller\u00eda de Patrimonio \u00e9 o departamento do Consello Evang\u00e9lico de Galicia que promove a cultura evanx\u00e9lica na Comunidade Aut\u00f3noma de Galicia \u00a0e desenvolve programas de cooperaci\u00f3n entre as igrexas para o fomento de actividades culturais. Promover o co\u00f1ecemento da historia das igrexas evang\u00e9licas ou protestantes de Galicia.<\/span><\/p>\n<p style=\"text-align: justify;\">Conselleiro<br \/>\n<strong>(Vacante)<\/strong><br \/>\nCorreo:<\/p>\n<p style=\"text-align: justify;\">\u00a0<\/p>\n<p><\/p>","protected":false},"excerpt":{"rendered":"<p>A Conseller\u00eda de Patrimonio \u00e9 o departamento do Consello Evang\u00e9lico de Galicia que promove a cultura evanx\u00e9lica na Comunidade Aut\u00f3noma de Galicia \u00a0e desenvolve programas [&hellip;]<\/p>\n","protected":false},"author":6,"featured_media":0,"parent":255,"menu_order":5,"comment_status":"closed","ping_status":"closed","template":"","meta":{"footnotes":""},"class_list":["post-268","page","type-page","status-publish","hentry"],"_links":{"self":[{"href":"https:\/\/conselloevanxelico.org\/gl\/wp-json\/wp\/v2\/pages\/268","targetHints":{"allow":["GET"]}}],"collection":[{"href":"https:\/\/conselloevanxelico.org\/gl\/wp-json\/wp\/v2\/pages"}],"about":[{"href":"https:\/\/conselloevanxelico.org\/gl\/wp-json\/wp\/v2\/types\/page"}],"author":[{"embeddable":true,"href":"https:\/\/conselloevanxelico.org\/gl\/wp-json\/wp\/v2\/users\/6"}],"replies":[{"embeddable":true,"href":"https:\/\/conselloevanxelico.org\/gl\/wp-json\/wp\/v2\/comments?post=268"}],"version-history":[{"count":0,"href":"https:\/\/conselloevanxelico.org\/gl\/wp-json\/wp\/v2\/pages\/268\/revisions"}],"up":[{"embeddable":true,"href":"https:\/\/conselloevanxelico.org\/gl\/wp-json\/wp\/v2\/pages\/255"}],"wp:attachment":[{"href":"https:\/\/conselloevanxelico.org\/gl\/wp-json\/wp\/v2\/media?parent=268"}],"curies":[{"name":"wp","href":"https:\/\/api.w.org\/{rel}","templated":true}]}}