{"id":259,"date":"2016-05-12T17:39:11","date_gmt":"2016-05-12T15:39:11","guid":{"rendered":"http:\/\/conselloevanxelico.org\/wp\/?page_id=259"},"modified":"2023-03-22T02:00:14","modified_gmt":"2023-03-22T01:00:14","slug":"ere","status":"publish","type":"page","link":"https:\/\/conselloevanxelico.org\/gl\/consejerias\/ere\/","title":{"rendered":"Ensino Relixioso Evanx\u00e9lico (ERE)"},"content":{"rendered":"<p><\/p>\n<p style=\"text-align: justify;\"><span style=\"font-size: 1rem; line-height: 1.5;\">A Conseller\u00eda de Ensino Relixioso Evanx\u00e9lico \/Protestante (ERE) \u00e9 a que se ocupa de coordinar desde o Consello Evanx\u00e9lico de Galicia (CEG) os temas relacionados co ensino evanx\u00e9lico nas escolas e coa formaci\u00f3n dos educadores.<\/span><\/p>\n<p>Conselleira<br \/>\n<strong>Maika Cancela Freire<\/strong><strong><br \/>\n<\/strong>correo:<a href=\"mailto:\u00a0conselleriaere@conselloevanxelico.org\">\u00a0conselleriaere@conselloevanxelico.org<\/a> \u00a0\u00a0 ou\u00a0 \u00a0 \u00a0<a href=\"mailto:ere.consello@gmail.com\">ere.consello@gmail.com<\/a><\/p>\n<p><\/p>","protected":false},"excerpt":{"rendered":"<p>A Conseller\u00eda de Ensino Relixioso Evanx\u00e9lico \/Protestante (ERE) \u00e9 a que se ocupa de coordinar desde o Consello Evanx\u00e9lico de Galicia (CEG) os temas relacionados [&hellip;]<\/p>\n","protected":false},"author":6,"featured_media":0,"parent":255,"menu_order":1,"comment_status":"closed","ping_status":"closed","template":"","meta":{"footnotes":""},"class_list":["post-259","page","type-page","status-publish","hentry"],"_links":{"self":[{"href":"https:\/\/conselloevanxelico.org\/gl\/wp-json\/wp\/v2\/pages\/259","targetHints":{"allow":["GET"]}}],"collection":[{"href":"https:\/\/conselloevanxelico.org\/gl\/wp-json\/wp\/v2\/pages"}],"about":[{"href":"https:\/\/conselloevanxelico.org\/gl\/wp-json\/wp\/v2\/types\/page"}],"author":[{"embeddable":true,"href":"https:\/\/conselloevanxelico.org\/gl\/wp-json\/wp\/v2\/users\/6"}],"replies":[{"embeddable":true,"href":"https:\/\/conselloevanxelico.org\/gl\/wp-json\/wp\/v2\/comments?post=259"}],"version-history":[{"count":0,"href":"https:\/\/conselloevanxelico.org\/gl\/wp-json\/wp\/v2\/pages\/259\/revisions"}],"up":[{"embeddable":true,"href":"https:\/\/conselloevanxelico.org\/gl\/wp-json\/wp\/v2\/pages\/255"}],"wp:attachment":[{"href":"https:\/\/conselloevanxelico.org\/gl\/wp-json\/wp\/v2\/media?parent=259"}],"curies":[{"name":"wp","href":"https:\/\/api.w.org\/{rel}","templated":true}]}}