{"id":143,"date":"2016-05-04T20:02:18","date_gmt":"2016-05-04T18:02:18","guid":{"rendered":"http:\/\/conselloevanxelico.org\/wp\/?page_id=143"},"modified":"2016-07-08T17:22:19","modified_gmt":"2016-07-08T15:22:19","slug":"contacto","status":"publish","type":"page","link":"https:\/\/conselloevanxelico.org\/gl\/contacto\/","title":{"rendered":"Contacto"},"content":{"rendered":"<p><strong>Consello Evanx\u00e9lico de Galicia (CEG)<\/strong><br \/>\nDirecci\u00f3n: C\/ Curros Enr\u00edquez, 43, Baixo Posterior<br \/>\nA Coru\u00f1a, A Coru\u00f1a, 15002<br \/>\nEmail: <a href=\"mailto:info@conselloevanxelico.org\">info@conselloevanxelico.org<\/a><\/p>\n<h2><span style=\"text-decoration: underline;\">Formulario de Contacto<\/span><\/h2>\n<p><div role=\"form\" class=\"wpcf7\" id=\"wpcf7-f426-o2\" lang=\"es-ES\" dir=\"ltr\">\n<div class=\"screen-reader-response\"><p role=\"status\" aria-live=\"polite\" aria-atomic=\"true\"><\/p> <ul><\/ul><\/div>\n<form action=\"\/gl\/wp-json\/wp\/v2\/pages\/143#wpcf7-f426-o2\" method=\"post\" class=\"wpcf7-form init\" novalidate=\"novalidate\" data-status=\"init\">\n<div style=\"display: none;\">\n<input type=\"hidden\" name=\"_wpcf7\" value=\"426\" \/>\n<input type=\"hidden\" name=\"_wpcf7_version\" value=\"5.5.6\" \/>\n<input type=\"hidden\" name=\"_wpcf7_locale\" value=\"es_ES\" \/>\n<input type=\"hidden\" name=\"_wpcf7_unit_tag\" value=\"wpcf7-f426-o2\" \/>\n<input type=\"hidden\" name=\"_wpcf7_container_post\" value=\"0\" \/>\n<input type=\"hidden\" name=\"_wpcf7_posted_data_hash\" value=\"\" \/>\n<input type=\"hidden\" name=\"_wpcf7_recaptcha_response\" value=\"\" \/>\n<\/div>\n<p>Nome *<br \/>\n    <span class=\"wpcf7-form-control-wrap your-name\"><input type=\"text\" name=\"your-name\" value=\"\" size=\"40\" class=\"wpcf7-form-control wpcf7-text wpcf7-validates-as-required\" aria-required=\"true\" aria-invalid=\"false\" \/><\/span> <\/p>\n<p>Correo electr\u00f3nico *<br \/>\n    <span class=\"wpcf7-form-control-wrap your-email\"><input type=\"email\" name=\"your-email\" value=\"\" size=\"40\" class=\"wpcf7-form-control wpcf7-text wpcf7-email wpcf7-validates-as-required wpcf7-validates-as-email\" aria-required=\"true\" aria-invalid=\"false\" \/><\/span> <\/p>\n<p>Asunto<br \/>\n    <span class=\"wpcf7-form-control-wrap your-subject\"><input type=\"text\" name=\"your-subject\" value=\"\" size=\"40\" class=\"wpcf7-form-control wpcf7-text\" aria-invalid=\"false\" \/><\/span> <\/p>\n<p>Mensaxe<br \/>\n    <span class=\"wpcf7-form-control-wrap your-message\"><textarea name=\"your-message\" cols=\"40\" rows=\"10\" class=\"wpcf7-form-control wpcf7-textarea\" aria-invalid=\"false\"><\/textarea><\/span> <\/p>\n<p ALIGN=\"justify\"><b>Pol\u00edtica de Protecci\u00f3n de Datos<\/b><br \/>\n<br \/>\nConsello  Evanx\u00e9lico de Galicia tratar\u00e1 os seus datos para contactar con vostede e atender a s\u00faa<br \/>\nconsulta. Pode revogar o seu consentimento e exercer os seus dereitos de acceso, rectificaci\u00f3n,<br \/>\ncancelaci\u00f3n, oposici\u00f3n, limitaci\u00f3n do tratamento e  portabilidad escrib\u00edndonos a info@conselloevanxelico.org.<br \/>\n<br \/>\nM\u00e1is informaci\u00f3n na <a href=\"https:\/\/conselloevanxelico.org\/privacidad-y-aviso-legal\/\">Pol\u00edtica de privacidade<\/a>.<br \/>\n<br \/>\nPara continuar debe vostede aceptar que leu e est\u00e1 conforme coa cl\u00e1usula anterior. <\/p>\n<p><span class=\"wpcf7-form-control-wrap LOPD\"><span class=\"wpcf7-form-control wpcf7-acceptance\"><span class=\"wpcf7-list-item\"><input type=\"checkbox\" name=\"LOPD\" value=\"1\" aria-invalid=\"false\" \/><\/span><\/span><\/span> Aceptar Pol\u00edtica *<\/p>\n\n<p><input type=\"submit\" value=\"Enviar\" class=\"wpcf7-form-control has-spinner wpcf7-submit\" \/><\/p>\n<div class=\"wpcf7-response-output\" aria-hidden=\"true\"><\/div><\/form><\/div><\/p>","protected":false},"excerpt":{"rendered":"<p>Consello Evanx\u00e9lico de Galicia (CEG) Direcci\u00f3n: C\/ Curros Enr\u00edquez, 43, Baixo Posterior A Coru\u00f1a, A Coru\u00f1a, 15002 Email: info@conselloevanxelico.org Formulario de Contacto<\/p>\n","protected":false},"author":6,"featured_media":0,"parent":0,"menu_order":0,"comment_status":"closed","ping_status":"closed","template":"","meta":{"footnotes":""},"class_list":["post-143","page","type-page","status-publish","hentry"],"_links":{"self":[{"href":"https:\/\/conselloevanxelico.org\/gl\/wp-json\/wp\/v2\/pages\/143","targetHints":{"allow":["GET"]}}],"collection":[{"href":"https:\/\/conselloevanxelico.org\/gl\/wp-json\/wp\/v2\/pages"}],"about":[{"href":"https:\/\/conselloevanxelico.org\/gl\/wp-json\/wp\/v2\/types\/page"}],"author":[{"embeddable":true,"href":"https:\/\/conselloevanxelico.org\/gl\/wp-json\/wp\/v2\/users\/6"}],"replies":[{"embeddable":true,"href":"https:\/\/conselloevanxelico.org\/gl\/wp-json\/wp\/v2\/comments?post=143"}],"version-history":[{"count":0,"href":"https:\/\/conselloevanxelico.org\/gl\/wp-json\/wp\/v2\/pages\/143\/revisions"}],"wp:attachment":[{"href":"https:\/\/conselloevanxelico.org\/gl\/wp-json\/wp\/v2\/media?parent=143"}],"curies":[{"name":"wp","href":"https:\/\/api.w.org\/{rel}","templated":true}]}}