{"id":137,"date":"2016-05-04T19:47:13","date_gmt":"2016-05-04T17:47:13","guid":{"rendered":"http:\/\/conselloevanxelico.org\/wp\/?page_id=137"},"modified":"2016-07-08T17:01:10","modified_gmt":"2016-07-08T15:01:10","slug":"enlaces","status":"publish","type":"page","link":"https:\/\/conselloevanxelico.org\/gl\/enlaces\/","title":{"rendered":"Enlaces de Interese"},"content":{"rendered":"<p><\/p>\n<pre><a href=\"http:\/\/www.ferede.org\"><img loading=\"lazy\" decoding=\"async\" class=\"wp-image-321 alignleft\" src=\"http:\/\/conselloevanxelico.org\/wp\/wp-content\/uploads\/2016\/05\/logo_Ferede-150x150.png\" alt=\"logo_Ferede\" width=\"100\" height=\"100\" \/><\/a><strong>Federaci\u00f3n de Entidades <\/strong><strong>Religiosas Evang\u00e9licas de Espa\u00f1a \r\n<\/strong>Red de Servicios Informativos Evang\u00e9licos \r\nTlf. 913 810 402 \r\n<a href=\"mailto:info@ferede.org\" target=\"_blank\">info@ferede.org<\/a> \r\n<a href=\"http:\/\/www.ferede.org\" target=\"_blank\">www.ferede.org<\/a><\/pre>\n<pre style=\"padding-left: 30px;\"><strong><img loading=\"lazy\" decoding=\"async\" class=\"alignleft wp-image-332\" src=\"http:\/\/conselloevanxelico.org\/wp\/wp-content\/uploads\/2016\/05\/nacer-de-novo-300x157.png\" alt=\"nacer de novo\" width=\"100\" height=\"52\" srcset=\"https:\/\/conselloevanxelico.org\/wp-content\/uploads\/2016\/05\/nacer-de-novo-300x157.png 300w, https:\/\/conselloevanxelico.org\/wp-content\/uploads\/2016\/05\/nacer-de-novo.png 613w\" sizes=\"auto, (max-width: 100px) 100vw, 100px\" \/>Nacer de Novo<\/strong>\r\n<a href=\"http:\/\/gratis@nacerdenovo.org\">gratis@nacerdenovo.org\r\n<\/a><a href=\"http:\/\/www.nacerdenovo.org\/\" target=\"_blank\">www.nacerdenovo.org<\/a><\/pre>\n<pre><strong>500 Aniversario de la Reforma<\/strong><strong><a href=\"http:\/\/500reforma.org\/\"><img loading=\"lazy\" decoding=\"async\" class=\"alignleft wp-image-508\" src=\"http:\/\/conselloevanxelico.org\/wp\/wp-content\/uploads\/2016\/05\/11412295_1692272691001223_1948279365659847_n.jpg\" alt=\"500reforma\" width=\"99\" height=\"98\" srcset=\"https:\/\/conselloevanxelico.org\/wp-content\/uploads\/2016\/05\/11412295_1692272691001223_1948279365659847_n.jpg 500w, https:\/\/conselloevanxelico.org\/wp-content\/uploads\/2016\/05\/11412295_1692272691001223_1948279365659847_n-150x150.jpg 150w, https:\/\/conselloevanxelico.org\/wp-content\/uploads\/2016\/05\/11412295_1692272691001223_1948279365659847_n-300x300.jpg 300w\" sizes=\"auto, (max-width: 99px) 100vw, 99px\" \/><\/a><\/strong>\r\nP\u00e1xina Oficial da Comisi\u00f3n Organizadora \r\nen Espa\u00f1a dos actos do 500 Aniversario \r\nda Reforma Protestante\r\n<a href=\"http:\/\/500reforma.org\/\" target=\"_blank\">www.500reforma.org<\/a><\/pre>\n<pre><strong><img loading=\"lazy\" decoding=\"async\" class=\"alignleft wp-image-358 \" src=\"http:\/\/conselloevanxelico.org\/wp\/wp-content\/uploads\/2016\/05\/header_logo-e1463731182506.png\" alt=\"logo protestante digital\" width=\"90\" height=\"78\" \/>Protestante Digital<\/strong>\r\nTlf. 934 208 072\r\n<a href=\"mailto:redaccion@protestantedigital.com\">redaccion@protestantedigital.com<\/a>\r\n<a href=\"http:\/\/www.protestantedigital.com\" target=\"_blank\">www.protestantedigital.com<\/a><\/pre>\n<pre class=\"container-500 margin text-espana\"><strong><img loading=\"lazy\" decoding=\"async\" class=\"alignleft wp-image-969\" src=\"https:\/\/conselloevanxelico.org\/wp-content\/uploads\/logo_unidos_perfil_FB-300x300.png\" alt=\"logo_unidos_perfil_FB\" width=\"116\" height=\"116\" srcset=\"https:\/\/conselloevanxelico.org\/wp-content\/uploads\/logo_unidos_perfil_FB-300x300.png 300w, https:\/\/conselloevanxelico.org\/wp-content\/uploads\/logo_unidos_perfil_FB-150x150.png 150w, https:\/\/conselloevanxelico.org\/wp-content\/uploads\/logo_unidos_perfil_FB.png 480w\" sizes=\"auto, (max-width: 116px) 100vw, 116px\" \/>Grupos B\u00edblicos Unidos<\/strong>\r\nTlf.\u00a0934 322 523\r\n<a href=\"mailto:gbu@gbu-es.org\">gbu@gbu-es.org<\/a>\r\n<a href=\"http:\/\/www.gbu-es.org\">www.gbu-es.org<\/a>\r\n<a href=\"http:\/\/www.gbugalicia.com\" target=\"_blank\">www.gbugalicia.com<\/a><\/pre>\n<pre class=\"container-500 margin text-espana\"><img loading=\"lazy\" decoding=\"async\" class=\"wp-image-350 alignleft\" src=\"http:\/\/conselloevanxelico.org\/wp\/wp-content\/uploads\/2016\/05\/logo-canal-de-vida-e1463678226535.png\" alt=\"logo canal de vida\" width=\"73\" height=\"73\" \/><strong>Canal de Vida<\/strong>\r\nTlf.\u00a0917 434 400\r\n<a href=\"mailto:info@canaldevida.org\">info@canaldevida.org\r\n<\/a><a href=\"http:\/\/www.canaldevida.org\/\" target=\"_blank\">www.canaldevida.org<\/a><\/pre>\n<pre class=\"container-500 margin text-espana\"><strong><a href=\"http:\/\/www.actualidadevangelica.es\/\"><img loading=\"lazy\" decoding=\"async\" class=\"alignleft wp-image-504\" src=\"http:\/\/conselloevanxelico.org\/wp\/wp-content\/uploads\/2016\/05\/logo-AE-e1464711288782.jpg\" alt=\"logo-AE\" width=\"76\" height=\"75\" \/><\/a>Actualidad Evang\u00e9lica<\/strong>\r\nTlf.<em> 913 810 402<\/em>\r\n<a href=\"mailto:info@actualidadevangelica.es\">info@actualidadevangelica.es<\/a>\r\n<a href=\"http:\/\/www.actualidadevangelica.es\/\" target=\"_blank\">www.actualidadevangelica.es<\/a><\/pre>\n<pre class=\"container-500 margin text-espana\"><strong><a href=\"http:\/\/www.sociedadbiblica.org\/\"><img loading=\"lazy\" decoding=\"async\" class=\"alignleft wp-image-505\" src=\"http:\/\/conselloevanxelico.org\/wp\/wp-content\/uploads\/2016\/05\/logo.gif\" alt=\"logo sociedades biblicas\" width=\"64\" height=\"82\" \/><\/a>Sociedad B\u00edblica<\/strong>\r\nTlf.<em> 916 366 300<\/em>\r\n<a href=\"mailto:info@sociedadbiblica.org\">info@sociedadbiblica.org<\/a>\r\n<a href=\"http:\/\/www.sociedadbiblica.org\/\" target=\"_blank\">www.sociedadbiblica.org<\/a><\/pre>\n<p><\/p>","protected":false},"excerpt":{"rendered":"<p>Federaci\u00f3n de Entidades Religiosas Evang\u00e9licas de Espa\u00f1a Red de Servicios Informativos Evang\u00e9licos Tlf. 913 810 402 info@ferede.org www.ferede.org Nacer de Novo gratis@nacerdenovo.org www.nacerdenovo.org 500 Aniversario [&hellip;]<\/p>\n","protected":false},"author":6,"featured_media":0,"parent":0,"menu_order":0,"comment_status":"closed","ping_status":"closed","template":"","meta":{"footnotes":""},"class_list":["post-137","page","type-page","status-publish","hentry"],"_links":{"self":[{"href":"https:\/\/conselloevanxelico.org\/gl\/wp-json\/wp\/v2\/pages\/137","targetHints":{"allow":["GET"]}}],"collection":[{"href":"https:\/\/conselloevanxelico.org\/gl\/wp-json\/wp\/v2\/pages"}],"about":[{"href":"https:\/\/conselloevanxelico.org\/gl\/wp-json\/wp\/v2\/types\/page"}],"author":[{"embeddable":true,"href":"https:\/\/conselloevanxelico.org\/gl\/wp-json\/wp\/v2\/users\/6"}],"replies":[{"embeddable":true,"href":"https:\/\/conselloevanxelico.org\/gl\/wp-json\/wp\/v2\/comments?post=137"}],"version-history":[{"count":0,"href":"https:\/\/conselloevanxelico.org\/gl\/wp-json\/wp\/v2\/pages\/137\/revisions"}],"wp:attachment":[{"href":"https:\/\/conselloevanxelico.org\/gl\/wp-json\/wp\/v2\/media?parent=137"}],"curies":[{"name":"wp","href":"https:\/\/api.w.org\/{rel}","templated":true}]}}